{"id":720,"date":"2026-03-04T07:01:28","date_gmt":"2026-03-04T07:01:28","guid":{"rendered":"https:\/\/vestigecollection.com\/son-veri\/destination\/"},"modified":"2026-03-23T13:11:47","modified_gmt":"2026-03-23T13:11:47","slug":"destination","status":"publish","type":"page","link":"https:\/\/vestigecollection.com\/son-veri\/fr\/destination\/","title":{"rendered":"Destination"},"content":{"rendered":"","protected":false},"excerpt":{"rendered":"","protected":false},"author":18,"featured_media":1367,"parent":0,"menu_order":0,"comment_status":"closed","ping_status":"closed","template":"","meta":{"_acf_changed":false,"footnotes":""},"class_list":["post-720","page","type-page","status-publish","has-post-thumbnail","hentry"],"acf":[],"yoast_head":"<!-- This site is optimized with the Yoast SEO plugin v27.2 - https:\/\/yoast.com\/product\/yoast-seo-wordpress\/ -->\n<title>Majorque, perle de la M\u00e9diterran\u00e9e : que voir et que faire<\/title>\n<meta name=\"description\" content=\"Au d\u00e9tour de ses plages sublimes, de ses montagnes majestueuses et de ses recoins sauvages, Majorque foisonne de richesses culturelles.\" \/>\n<meta name=\"robots\" content=\"index, follow, max-snippet:-1, max-image-preview:large, max-video-preview:-1\" \/>\n<link rel=\"canonical\" href=\"https:\/\/vestigecollection.com\/son-veri\/fr\/destination\/\" \/>\n<meta property=\"og:locale\" content=\"fr_FR\" \/>\n<meta property=\"og:type\" content=\"article\" \/>\n<meta property=\"og:title\" content=\"Majorque, perle de la M\u00e9diterran\u00e9e : que voir et que faire\" \/>\n<meta property=\"og:description\" content=\"Au d\u00e9tour de ses plages sublimes, de ses montagnes majestueuses et de ses recoins sauvages, Majorque foisonne de richesses culturelles.\" \/>\n<meta property=\"og:url\" content=\"https:\/\/vestigecollection.com\/son-veri\/fr\/destination\/\" \/>\n<meta property=\"og:site_name\" content=\"Son Veri\" \/>\n<meta property=\"article:modified_time\" content=\"2026-03-23T13:11:47+00:00\" \/>\n<meta property=\"og:image\" content=\"https:\/\/vestigecollection.com\/son-veri\/wp-content\/uploads\/sites\/7\/2026\/03\/que-faire-et-que-voir-a-majorque.jpg\" \/>\n\t<meta property=\"og:image:width\" content=\"1920\" \/>\n\t<meta property=\"og:image:height\" content=\"1280\" \/>\n\t<meta property=\"og:image:type\" content=\"image\/jpeg\" \/>\n<meta name=\"twitter:card\" content=\"summary_large_image\" \/>\n<meta name=\"twitter:label1\" content=\"Dur\u00e9e de lecture estim\u00e9e\" \/>\n\t<meta name=\"twitter:data1\" content=\"1 minute\" \/>\n<script type=\"application\/ld+json\" class=\"yoast-schema-graph\">{\"@context\":\"https:\/\/schema.org\",\"@graph\":[{\"@type\":\"WebPage\",\"@id\":\"https:\/\/vestigecollection.com\/son-veri\/fr\/destination\/\",\"url\":\"https:\/\/vestigecollection.com\/son-veri\/fr\/destination\/\",\"name\":\"Majorque, perle de la M\u00e9diterran\u00e9e : que voir et que faire\",\"isPartOf\":{\"@id\":\"https:\/\/vestigecollection.com\/son-veri\/fr\/#website\"},\"primaryImageOfPage\":{\"@id\":\"https:\/\/vestigecollection.com\/son-veri\/fr\/destination\/#primaryimage\"},\"image\":{\"@id\":\"https:\/\/vestigecollection.com\/son-veri\/fr\/destination\/#primaryimage\"},\"thumbnailUrl\":\"https:\/\/vestigecollection.com\/son-veri\/wp-content\/uploads\/sites\/7\/2026\/03\/que-faire-et-que-voir-a-majorque.jpg\",\"datePublished\":\"2026-03-04T07:01:28+00:00\",\"dateModified\":\"2026-03-23T13:11:47+00:00\",\"description\":\"Au d\u00e9tour de ses plages sublimes, de ses montagnes majestueuses et de ses recoins sauvages, Majorque foisonne de richesses culturelles.\",\"breadcrumb\":{\"@id\":\"https:\/\/vestigecollection.com\/son-veri\/fr\/destination\/#breadcrumb\"},\"inLanguage\":\"fr-FR\",\"potentialAction\":[{\"@type\":\"ReadAction\",\"target\":[\"https:\/\/vestigecollection.com\/son-veri\/fr\/destination\/\"]}]},{\"@type\":\"ImageObject\",\"inLanguage\":\"fr-FR\",\"@id\":\"https:\/\/vestigecollection.com\/son-veri\/fr\/destination\/#primaryimage\",\"url\":\"https:\/\/vestigecollection.com\/son-veri\/wp-content\/uploads\/sites\/7\/2026\/03\/que-faire-et-que-voir-a-majorque.jpg\",\"contentUrl\":\"https:\/\/vestigecollection.com\/son-veri\/wp-content\/uploads\/sites\/7\/2026\/03\/que-faire-et-que-voir-a-majorque.jpg\",\"width\":1920,\"height\":1280,\"caption\":\"que faire et que voir a majorque\"},{\"@type\":\"BreadcrumbList\",\"@id\":\"https:\/\/vestigecollection.com\/son-veri\/fr\/destination\/#breadcrumb\",\"itemListElement\":[{\"@type\":\"ListItem\",\"position\":1,\"name\":\"Home\",\"item\":\"https:\/\/vestigecollection.com\/son-veri\/fr\/\"},{\"@type\":\"ListItem\",\"position\":2,\"name\":\"Destination\"}]},{\"@type\":\"WebSite\",\"@id\":\"https:\/\/vestigecollection.com\/son-veri\/fr\/#website\",\"url\":\"https:\/\/vestigecollection.com\/son-veri\/fr\/\",\"name\":\"Son Veri\",\"description\":\"\",\"potentialAction\":[{\"@type\":\"SearchAction\",\"target\":{\"@type\":\"EntryPoint\",\"urlTemplate\":\"https:\/\/vestigecollection.com\/son-veri\/fr\/?s={search_term_string}\"},\"query-input\":{\"@type\":\"PropertyValueSpecification\",\"valueRequired\":true,\"valueName\":\"search_term_string\"}}],\"inLanguage\":\"fr-FR\"}]}<\/script>\n<!-- \/ Yoast SEO plugin. -->","yoast_head_json":{"title":"Majorque, perle de la M\u00e9diterran\u00e9e : que voir et que faire","description":"Au d\u00e9tour de ses plages sublimes, de ses montagnes majestueuses et de ses recoins sauvages, Majorque foisonne de richesses culturelles.","robots":{"index":"index","follow":"follow","max-snippet":"max-snippet:-1","max-image-preview":"max-image-preview:large","max-video-preview":"max-video-preview:-1"},"canonical":"https:\/\/vestigecollection.com\/son-veri\/fr\/destination\/","og_locale":"fr_FR","og_type":"article","og_title":"Majorque, perle de la M\u00e9diterran\u00e9e : que voir et que faire","og_description":"Au d\u00e9tour de ses plages sublimes, de ses montagnes majestueuses et de ses recoins sauvages, Majorque foisonne de richesses culturelles.","og_url":"https:\/\/vestigecollection.com\/son-veri\/fr\/destination\/","og_site_name":"Son Veri","article_modified_time":"2026-03-23T13:11:47+00:00","og_image":[{"width":1920,"height":1280,"url":"https:\/\/vestigecollection.com\/son-veri\/wp-content\/uploads\/sites\/7\/2026\/03\/que-faire-et-que-voir-a-majorque.jpg","type":"image\/jpeg"}],"twitter_card":"summary_large_image","twitter_misc":{"Dur\u00e9e de lecture estim\u00e9e":"1 minute"},"schema":{"@context":"https:\/\/schema.org","@graph":[{"@type":"WebPage","@id":"https:\/\/vestigecollection.com\/son-veri\/fr\/destination\/","url":"https:\/\/vestigecollection.com\/son-veri\/fr\/destination\/","name":"Majorque, perle de la M\u00e9diterran\u00e9e : que voir et que faire","isPartOf":{"@id":"https:\/\/vestigecollection.com\/son-veri\/fr\/#website"},"primaryImageOfPage":{"@id":"https:\/\/vestigecollection.com\/son-veri\/fr\/destination\/#primaryimage"},"image":{"@id":"https:\/\/vestigecollection.com\/son-veri\/fr\/destination\/#primaryimage"},"thumbnailUrl":"https:\/\/vestigecollection.com\/son-veri\/wp-content\/uploads\/sites\/7\/2026\/03\/que-faire-et-que-voir-a-majorque.jpg","datePublished":"2026-03-04T07:01:28+00:00","dateModified":"2026-03-23T13:11:47+00:00","description":"Au d\u00e9tour de ses plages sublimes, de ses montagnes majestueuses et de ses recoins sauvages, Majorque foisonne de richesses culturelles.","breadcrumb":{"@id":"https:\/\/vestigecollection.com\/son-veri\/fr\/destination\/#breadcrumb"},"inLanguage":"fr-FR","potentialAction":[{"@type":"ReadAction","target":["https:\/\/vestigecollection.com\/son-veri\/fr\/destination\/"]}]},{"@type":"ImageObject","inLanguage":"fr-FR","@id":"https:\/\/vestigecollection.com\/son-veri\/fr\/destination\/#primaryimage","url":"https:\/\/vestigecollection.com\/son-veri\/wp-content\/uploads\/sites\/7\/2026\/03\/que-faire-et-que-voir-a-majorque.jpg","contentUrl":"https:\/\/vestigecollection.com\/son-veri\/wp-content\/uploads\/sites\/7\/2026\/03\/que-faire-et-que-voir-a-majorque.jpg","width":1920,"height":1280,"caption":"que faire et que voir a majorque"},{"@type":"BreadcrumbList","@id":"https:\/\/vestigecollection.com\/son-veri\/fr\/destination\/#breadcrumb","itemListElement":[{"@type":"ListItem","position":1,"name":"Home","item":"https:\/\/vestigecollection.com\/son-veri\/fr\/"},{"@type":"ListItem","position":2,"name":"Destination"}]},{"@type":"WebSite","@id":"https:\/\/vestigecollection.com\/son-veri\/fr\/#website","url":"https:\/\/vestigecollection.com\/son-veri\/fr\/","name":"Son Veri","description":"","potentialAction":[{"@type":"SearchAction","target":{"@type":"EntryPoint","urlTemplate":"https:\/\/vestigecollection.com\/son-veri\/fr\/?s={search_term_string}"},"query-input":{"@type":"PropertyValueSpecification","valueRequired":true,"valueName":"search_term_string"}}],"inLanguage":"fr-FR"}]}},"_links":{"self":[{"href":"https:\/\/vestigecollection.com\/son-veri\/fr\/wp-json\/wp\/v2\/pages\/720","targetHints":{"allow":["GET"]}}],"collection":[{"href":"https:\/\/vestigecollection.com\/son-veri\/fr\/wp-json\/wp\/v2\/pages"}],"about":[{"href":"https:\/\/vestigecollection.com\/son-veri\/fr\/wp-json\/wp\/v2\/types\/page"}],"author":[{"embeddable":true,"href":"https:\/\/vestigecollection.com\/son-veri\/fr\/wp-json\/wp\/v2\/users\/18"}],"replies":[{"embeddable":true,"href":"https:\/\/vestigecollection.com\/son-veri\/fr\/wp-json\/wp\/v2\/comments?post=720"}],"version-history":[{"count":6,"href":"https:\/\/vestigecollection.com\/son-veri\/fr\/wp-json\/wp\/v2\/pages\/720\/revisions"}],"predecessor-version":[{"id":1490,"href":"https:\/\/vestigecollection.com\/son-veri\/fr\/wp-json\/wp\/v2\/pages\/720\/revisions\/1490"}],"wp:featuredmedia":[{"embeddable":true,"href":"https:\/\/vestigecollection.com\/son-veri\/fr\/wp-json\/wp\/v2\/media\/1367"}],"wp:attachment":[{"href":"https:\/\/vestigecollection.com\/son-veri\/fr\/wp-json\/wp\/v2\/media?parent=720"}],"curies":[{"name":"wp","href":"https:\/\/api.w.org\/{rel}","templated":true}]}}