{"id":728,"date":"2026-03-04T07:18:36","date_gmt":"2026-03-04T07:18:36","guid":{"rendered":"https:\/\/vestigecollection.com\/son-veri\/?page_id=728"},"modified":"2026-04-13T09:56:36","modified_gmt":"2026-04-13T09:56:36","slug":"descanso","status":"publish","type":"page","link":"https:\/\/vestigecollection.com\/son-veri\/es\/descanso\/","title":{"rendered":"Descanso"},"content":{"rendered":"","protected":false},"excerpt":{"rendered":"","protected":false},"author":18,"featured_media":1576,"parent":0,"menu_order":0,"comment_status":"closed","ping_status":"closed","template":"","meta":{"_acf_changed":false,"footnotes":""},"class_list":["post-728","page","type-page","status-publish","has-post-thumbnail","hentry"],"acf":[],"yoast_head":"<!-- This site is optimized with the Yoast SEO plugin v27.2 - https:\/\/yoast.com\/product\/yoast-seo-wordpress\/ -->\n<title>Elegantes habitaciones y suites en Mallorca - Son Veri<\/title>\n<meta name=\"description\" content=\"Seis suites exclusivas con todas las caracter\u00edsticas de una propiedad Vestige: muebles a medida, antig\u00fcedades y una profunda sensaci\u00f3n de intimidad.\" \/>\n<meta name=\"robots\" content=\"index, follow, max-snippet:-1, max-image-preview:large, max-video-preview:-1\" \/>\n<link rel=\"canonical\" href=\"https:\/\/vestigecollection.com\/son-veri\/es\/descanso\/\" \/>\n<meta property=\"og:locale\" content=\"es_ES\" \/>\n<meta property=\"og:type\" content=\"article\" \/>\n<meta property=\"og:title\" content=\"Elegantes habitaciones y suites en Mallorca - Son Veri\" \/>\n<meta property=\"og:description\" content=\"Seis suites exclusivas con todas las caracter\u00edsticas de una propiedad Vestige: muebles a medida, antig\u00fcedades y una profunda sensaci\u00f3n de intimidad.\" \/>\n<meta property=\"og:url\" content=\"https:\/\/vestigecollection.com\/son-veri\/es\/descanso\/\" \/>\n<meta property=\"og:site_name\" content=\"Son Veri\" \/>\n<meta property=\"article:modified_time\" content=\"2026-04-13T09:56:36+00:00\" \/>\n<meta property=\"og:image\" content=\"https:\/\/vestigecollection.com\/son-veri\/wp-content\/uploads\/sites\/7\/2026\/04\/suites-en-mallorca.jpg\" \/>\n\t<meta property=\"og:image:width\" content=\"1900\" \/>\n\t<meta property=\"og:image:height\" content=\"1462\" \/>\n\t<meta property=\"og:image:type\" content=\"image\/jpeg\" \/>\n<meta name=\"twitter:card\" content=\"summary_large_image\" \/>\n<meta name=\"twitter:label1\" content=\"Tiempo de lectura\" \/>\n\t<meta name=\"twitter:data1\" content=\"1 minuto\" \/>\n<script type=\"application\/ld+json\" class=\"yoast-schema-graph\">{\"@context\":\"https:\/\/schema.org\",\"@graph\":[{\"@type\":\"WebPage\",\"@id\":\"https:\/\/vestigecollection.com\/son-veri\/es\/descanso\/\",\"url\":\"https:\/\/vestigecollection.com\/son-veri\/es\/descanso\/\",\"name\":\"Elegantes habitaciones y suites en Mallorca - Son Veri\",\"isPartOf\":{\"@id\":\"https:\/\/vestigecollection.com\/son-veri\/es\/#website\"},\"primaryImageOfPage\":{\"@id\":\"https:\/\/vestigecollection.com\/son-veri\/es\/descanso\/#primaryimage\"},\"image\":{\"@id\":\"https:\/\/vestigecollection.com\/son-veri\/es\/descanso\/#primaryimage\"},\"thumbnailUrl\":\"https:\/\/vestigecollection.com\/son-veri\/wp-content\/uploads\/sites\/7\/2026\/04\/suites-en-mallorca.jpg\",\"datePublished\":\"2026-03-04T07:18:36+00:00\",\"dateModified\":\"2026-04-13T09:56:36+00:00\",\"description\":\"Seis suites exclusivas con todas las caracter\u00edsticas de una propiedad Vestige: muebles a medida, antig\u00fcedades y una profunda sensaci\u00f3n de intimidad.\",\"breadcrumb\":{\"@id\":\"https:\/\/vestigecollection.com\/son-veri\/es\/descanso\/#breadcrumb\"},\"inLanguage\":\"es\",\"potentialAction\":[{\"@type\":\"ReadAction\",\"target\":[\"https:\/\/vestigecollection.com\/son-veri\/es\/descanso\/\"]}]},{\"@type\":\"ImageObject\",\"inLanguage\":\"es\",\"@id\":\"https:\/\/vestigecollection.com\/son-veri\/es\/descanso\/#primaryimage\",\"url\":\"https:\/\/vestigecollection.com\/son-veri\/wp-content\/uploads\/sites\/7\/2026\/04\/suites-en-mallorca.jpg\",\"contentUrl\":\"https:\/\/vestigecollection.com\/son-veri\/wp-content\/uploads\/sites\/7\/2026\/04\/suites-en-mallorca.jpg\",\"width\":1900,\"height\":1462,\"caption\":\"suites en mallorca\"},{\"@type\":\"BreadcrumbList\",\"@id\":\"https:\/\/vestigecollection.com\/son-veri\/es\/descanso\/#breadcrumb\",\"itemListElement\":[{\"@type\":\"ListItem\",\"position\":1,\"name\":\"Home\",\"item\":\"https:\/\/vestigecollection.com\/son-veri\/es\/\"},{\"@type\":\"ListItem\",\"position\":2,\"name\":\"Descanso\"}]},{\"@type\":\"WebSite\",\"@id\":\"https:\/\/vestigecollection.com\/son-veri\/es\/#website\",\"url\":\"https:\/\/vestigecollection.com\/son-veri\/es\/\",\"name\":\"Son Veri\",\"description\":\"\",\"potentialAction\":[{\"@type\":\"SearchAction\",\"target\":{\"@type\":\"EntryPoint\",\"urlTemplate\":\"https:\/\/vestigecollection.com\/son-veri\/es\/?s={search_term_string}\"},\"query-input\":{\"@type\":\"PropertyValueSpecification\",\"valueRequired\":true,\"valueName\":\"search_term_string\"}}],\"inLanguage\":\"es\"}]}<\/script>\n<!-- \/ Yoast SEO plugin. -->","yoast_head_json":{"title":"Elegantes habitaciones y suites en Mallorca - Son Veri","description":"Seis suites exclusivas con todas las caracter\u00edsticas de una propiedad Vestige: muebles a medida, antig\u00fcedades y una profunda sensaci\u00f3n de intimidad.","robots":{"index":"index","follow":"follow","max-snippet":"max-snippet:-1","max-image-preview":"max-image-preview:large","max-video-preview":"max-video-preview:-1"},"canonical":"https:\/\/vestigecollection.com\/son-veri\/es\/descanso\/","og_locale":"es_ES","og_type":"article","og_title":"Elegantes habitaciones y suites en Mallorca - Son Veri","og_description":"Seis suites exclusivas con todas las caracter\u00edsticas de una propiedad Vestige: muebles a medida, antig\u00fcedades y una profunda sensaci\u00f3n de intimidad.","og_url":"https:\/\/vestigecollection.com\/son-veri\/es\/descanso\/","og_site_name":"Son Veri","article_modified_time":"2026-04-13T09:56:36+00:00","og_image":[{"width":1900,"height":1462,"url":"https:\/\/vestigecollection.com\/son-veri\/wp-content\/uploads\/sites\/7\/2026\/04\/suites-en-mallorca.jpg","type":"image\/jpeg"}],"twitter_card":"summary_large_image","twitter_misc":{"Tiempo de lectura":"1 minuto"},"schema":{"@context":"https:\/\/schema.org","@graph":[{"@type":"WebPage","@id":"https:\/\/vestigecollection.com\/son-veri\/es\/descanso\/","url":"https:\/\/vestigecollection.com\/son-veri\/es\/descanso\/","name":"Elegantes habitaciones y suites en Mallorca - Son Veri","isPartOf":{"@id":"https:\/\/vestigecollection.com\/son-veri\/es\/#website"},"primaryImageOfPage":{"@id":"https:\/\/vestigecollection.com\/son-veri\/es\/descanso\/#primaryimage"},"image":{"@id":"https:\/\/vestigecollection.com\/son-veri\/es\/descanso\/#primaryimage"},"thumbnailUrl":"https:\/\/vestigecollection.com\/son-veri\/wp-content\/uploads\/sites\/7\/2026\/04\/suites-en-mallorca.jpg","datePublished":"2026-03-04T07:18:36+00:00","dateModified":"2026-04-13T09:56:36+00:00","description":"Seis suites exclusivas con todas las caracter\u00edsticas de una propiedad Vestige: muebles a medida, antig\u00fcedades y una profunda sensaci\u00f3n de intimidad.","breadcrumb":{"@id":"https:\/\/vestigecollection.com\/son-veri\/es\/descanso\/#breadcrumb"},"inLanguage":"es","potentialAction":[{"@type":"ReadAction","target":["https:\/\/vestigecollection.com\/son-veri\/es\/descanso\/"]}]},{"@type":"ImageObject","inLanguage":"es","@id":"https:\/\/vestigecollection.com\/son-veri\/es\/descanso\/#primaryimage","url":"https:\/\/vestigecollection.com\/son-veri\/wp-content\/uploads\/sites\/7\/2026\/04\/suites-en-mallorca.jpg","contentUrl":"https:\/\/vestigecollection.com\/son-veri\/wp-content\/uploads\/sites\/7\/2026\/04\/suites-en-mallorca.jpg","width":1900,"height":1462,"caption":"suites en mallorca"},{"@type":"BreadcrumbList","@id":"https:\/\/vestigecollection.com\/son-veri\/es\/descanso\/#breadcrumb","itemListElement":[{"@type":"ListItem","position":1,"name":"Home","item":"https:\/\/vestigecollection.com\/son-veri\/es\/"},{"@type":"ListItem","position":2,"name":"Descanso"}]},{"@type":"WebSite","@id":"https:\/\/vestigecollection.com\/son-veri\/es\/#website","url":"https:\/\/vestigecollection.com\/son-veri\/es\/","name":"Son Veri","description":"","potentialAction":[{"@type":"SearchAction","target":{"@type":"EntryPoint","urlTemplate":"https:\/\/vestigecollection.com\/son-veri\/es\/?s={search_term_string}"},"query-input":{"@type":"PropertyValueSpecification","valueRequired":true,"valueName":"search_term_string"}}],"inLanguage":"es"}]}},"_links":{"self":[{"href":"https:\/\/vestigecollection.com\/son-veri\/es\/wp-json\/wp\/v2\/pages\/728","targetHints":{"allow":["GET"]}}],"collection":[{"href":"https:\/\/vestigecollection.com\/son-veri\/es\/wp-json\/wp\/v2\/pages"}],"about":[{"href":"https:\/\/vestigecollection.com\/son-veri\/es\/wp-json\/wp\/v2\/types\/page"}],"author":[{"embeddable":true,"href":"https:\/\/vestigecollection.com\/son-veri\/es\/wp-json\/wp\/v2\/users\/18"}],"replies":[{"embeddable":true,"href":"https:\/\/vestigecollection.com\/son-veri\/es\/wp-json\/wp\/v2\/comments?post=728"}],"version-history":[{"count":7,"href":"https:\/\/vestigecollection.com\/son-veri\/es\/wp-json\/wp\/v2\/pages\/728\/revisions"}],"predecessor-version":[{"id":1579,"href":"https:\/\/vestigecollection.com\/son-veri\/es\/wp-json\/wp\/v2\/pages\/728\/revisions\/1579"}],"wp:featuredmedia":[{"embeddable":true,"href":"https:\/\/vestigecollection.com\/son-veri\/es\/wp-json\/wp\/v2\/media\/1576"}],"wp:attachment":[{"href":"https:\/\/vestigecollection.com\/son-veri\/es\/wp-json\/wp\/v2\/media?parent=728"}],"curies":[{"name":"wp","href":"https:\/\/api.w.org\/{rel}","templated":true}]}}