{"id":1821,"date":"2024-02-23T07:44:02","date_gmt":"2024-02-23T07:44:02","guid":{"rendered":"https:\/\/vestigecollection.com\/son-vell\/?page_id=1821"},"modified":"2026-04-16T12:14:28","modified_gmt":"2026-04-16T12:14:28","slug":"ecoresponsabilite","status":"publish","type":"page","link":"https:\/\/vestigecollection.com\/son-vell\/fr\/ecoresponsabilite\/","title":{"rendered":"R\u00e9g\u00e9n\u00e9ration"},"content":{"rendered":"","protected":false},"excerpt":{"rendered":"","protected":false},"author":18,"featured_media":0,"parent":0,"menu_order":0,"comment_status":"closed","ping_status":"closed","template":"","meta":{"_acf_changed":false,"footnotes":""},"class_list":["post-1821","page","type-page","status-publish","hentry"],"acf":[],"yoast_head":"<!-- This site is optimized with the Yoast SEO plugin v27.2 - https:\/\/yoast.com\/product\/yoast-seo-wordpress\/ -->\n<title>Son Vell et \u00e9coresponsabilit\u00e9 - Son Vell - Vestige Collection<\/title>\n<meta name=\"description\" content=\"Dans le cadre d\u2019un engagement \u00e9cologique de chaque instant, nous m\u00e9nageons la plan\u00e8te par l\u2019adoption de pratiques respectueuses de l\u2019environnement.\" \/>\n<meta name=\"robots\" content=\"noindex, nofollow\" \/>\n<meta property=\"og:locale\" content=\"fr_FR\" \/>\n<meta property=\"og:type\" content=\"article\" \/>\n<meta property=\"og:title\" content=\"Son Vell et \u00e9coresponsabilit\u00e9 - Son Vell - Vestige Collection\" \/>\n<meta property=\"og:description\" content=\"Dans le cadre d\u2019un engagement \u00e9cologique de chaque instant, nous m\u00e9nageons la plan\u00e8te par l\u2019adoption de pratiques respectueuses de l\u2019environnement.\" \/>\n<meta property=\"og:url\" content=\"https:\/\/vestigecollection.com\/son-vell\/fr\/ecoresponsabilite\/\" \/>\n<meta property=\"og:site_name\" content=\"Son Vell\" \/>\n<meta property=\"article:modified_time\" content=\"2026-04-16T12:14:28+00:00\" \/>\n<meta name=\"twitter:card\" content=\"summary_large_image\" \/>\n<script type=\"application\/ld+json\" class=\"yoast-schema-graph\">{\"@context\":\"https:\/\/schema.org\",\"@graph\":[{\"@type\":\"WebPage\",\"@id\":\"https:\/\/vestigecollection.com\/son-vell\/fr\/ecoresponsabilite\/\",\"url\":\"https:\/\/vestigecollection.com\/son-vell\/fr\/ecoresponsabilite\/\",\"name\":\"Son Vell et \u00e9coresponsabilit\u00e9 - Son Vell - Vestige Collection\",\"isPartOf\":{\"@id\":\"https:\/\/vestigecollection.com\/son-vell\/fr\/#website\"},\"datePublished\":\"2024-02-23T07:44:02+00:00\",\"dateModified\":\"2026-04-16T12:14:28+00:00\",\"description\":\"Dans le cadre d\u2019un engagement \u00e9cologique de chaque instant, nous m\u00e9nageons la plan\u00e8te par l\u2019adoption de pratiques respectueuses de l\u2019environnement.\",\"breadcrumb\":{\"@id\":\"https:\/\/vestigecollection.com\/son-vell\/fr\/ecoresponsabilite\/#breadcrumb\"},\"inLanguage\":\"fr-FR\",\"potentialAction\":[{\"@type\":\"ReadAction\",\"target\":[\"https:\/\/vestigecollection.com\/son-vell\/fr\/ecoresponsabilite\/\"]}]},{\"@type\":\"BreadcrumbList\",\"@id\":\"https:\/\/vestigecollection.com\/son-vell\/fr\/ecoresponsabilite\/#breadcrumb\",\"itemListElement\":[{\"@type\":\"ListItem\",\"position\":1,\"name\":\"Home\",\"item\":\"https:\/\/vestigecollection.com\/son-vell\/fr\/\"},{\"@type\":\"ListItem\",\"position\":2,\"name\":\"R\u00e9g\u00e9n\u00e9ration\"}]},{\"@type\":\"WebSite\",\"@id\":\"https:\/\/vestigecollection.com\/son-vell\/fr\/#website\",\"url\":\"https:\/\/vestigecollection.com\/son-vell\/fr\/\",\"name\":\"Son Vell\",\"description\":\"Vestige Collection\",\"potentialAction\":[{\"@type\":\"SearchAction\",\"target\":{\"@type\":\"EntryPoint\",\"urlTemplate\":\"https:\/\/vestigecollection.com\/son-vell\/fr\/?s={search_term_string}\"},\"query-input\":{\"@type\":\"PropertyValueSpecification\",\"valueRequired\":true,\"valueName\":\"search_term_string\"}}],\"inLanguage\":\"fr-FR\"}]}<\/script>\n<!-- \/ Yoast SEO plugin. -->","yoast_head_json":{"title":"Son Vell et \u00e9coresponsabilit\u00e9 - Son Vell - Vestige Collection","description":"Dans le cadre d\u2019un engagement \u00e9cologique de chaque instant, nous m\u00e9nageons la plan\u00e8te par l\u2019adoption de pratiques respectueuses de l\u2019environnement.","robots":{"index":"noindex","follow":"nofollow"},"og_locale":"fr_FR","og_type":"article","og_title":"Son Vell et \u00e9coresponsabilit\u00e9 - Son Vell - Vestige Collection","og_description":"Dans le cadre d\u2019un engagement \u00e9cologique de chaque instant, nous m\u00e9nageons la plan\u00e8te par l\u2019adoption de pratiques respectueuses de l\u2019environnement.","og_url":"https:\/\/vestigecollection.com\/son-vell\/fr\/ecoresponsabilite\/","og_site_name":"Son Vell","article_modified_time":"2026-04-16T12:14:28+00:00","twitter_card":"summary_large_image","schema":{"@context":"https:\/\/schema.org","@graph":[{"@type":"WebPage","@id":"https:\/\/vestigecollection.com\/son-vell\/fr\/ecoresponsabilite\/","url":"https:\/\/vestigecollection.com\/son-vell\/fr\/ecoresponsabilite\/","name":"Son Vell et \u00e9coresponsabilit\u00e9 - Son Vell - Vestige Collection","isPartOf":{"@id":"https:\/\/vestigecollection.com\/son-vell\/fr\/#website"},"datePublished":"2024-02-23T07:44:02+00:00","dateModified":"2026-04-16T12:14:28+00:00","description":"Dans le cadre d\u2019un engagement \u00e9cologique de chaque instant, nous m\u00e9nageons la plan\u00e8te par l\u2019adoption de pratiques respectueuses de l\u2019environnement.","breadcrumb":{"@id":"https:\/\/vestigecollection.com\/son-vell\/fr\/ecoresponsabilite\/#breadcrumb"},"inLanguage":"fr-FR","potentialAction":[{"@type":"ReadAction","target":["https:\/\/vestigecollection.com\/son-vell\/fr\/ecoresponsabilite\/"]}]},{"@type":"BreadcrumbList","@id":"https:\/\/vestigecollection.com\/son-vell\/fr\/ecoresponsabilite\/#breadcrumb","itemListElement":[{"@type":"ListItem","position":1,"name":"Home","item":"https:\/\/vestigecollection.com\/son-vell\/fr\/"},{"@type":"ListItem","position":2,"name":"R\u00e9g\u00e9n\u00e9ration"}]},{"@type":"WebSite","@id":"https:\/\/vestigecollection.com\/son-vell\/fr\/#website","url":"https:\/\/vestigecollection.com\/son-vell\/fr\/","name":"Son Vell","description":"Vestige Collection","potentialAction":[{"@type":"SearchAction","target":{"@type":"EntryPoint","urlTemplate":"https:\/\/vestigecollection.com\/son-vell\/fr\/?s={search_term_string}"},"query-input":{"@type":"PropertyValueSpecification","valueRequired":true,"valueName":"search_term_string"}}],"inLanguage":"fr-FR"}]}},"_links":{"self":[{"href":"https:\/\/vestigecollection.com\/son-vell\/fr\/wp-json\/wp\/v2\/pages\/1821","targetHints":{"allow":["GET"]}}],"collection":[{"href":"https:\/\/vestigecollection.com\/son-vell\/fr\/wp-json\/wp\/v2\/pages"}],"about":[{"href":"https:\/\/vestigecollection.com\/son-vell\/fr\/wp-json\/wp\/v2\/types\/page"}],"author":[{"embeddable":true,"href":"https:\/\/vestigecollection.com\/son-vell\/fr\/wp-json\/wp\/v2\/users\/18"}],"replies":[{"embeddable":true,"href":"https:\/\/vestigecollection.com\/son-vell\/fr\/wp-json\/wp\/v2\/comments?post=1821"}],"version-history":[{"count":8,"href":"https:\/\/vestigecollection.com\/son-vell\/fr\/wp-json\/wp\/v2\/pages\/1821\/revisions"}],"predecessor-version":[{"id":2746,"href":"https:\/\/vestigecollection.com\/son-vell\/fr\/wp-json\/wp\/v2\/pages\/1821\/revisions\/2746"}],"wp:attachment":[{"href":"https:\/\/vestigecollection.com\/son-vell\/fr\/wp-json\/wp\/v2\/media?parent=1821"}],"curies":[{"name":"wp","href":"https:\/\/api.w.org\/{rel}","templated":true}]}}