{"id":466,"date":"2023-07-18T12:00:26","date_gmt":"2023-07-18T12:00:26","guid":{"rendered":"https:\/\/vestigecollection.sidnpre.com\/sonvell\/?page_id=466"},"modified":"2026-01-26T12:31:00","modified_gmt":"2026-01-26T12:31:00","slug":"rest","status":"publish","type":"page","link":"https:\/\/vestigecollection.com\/son-ermita-binidufa\/rest\/","title":{"rendered":"Rest"},"content":{"rendered":"<p>Booking now for stays from April 2026.<\/p>\n","protected":false},"excerpt":{"rendered":"<p>Booking now for stays from April 2026.<\/p>\n","protected":false},"author":13,"featured_media":3582,"parent":0,"menu_order":0,"comment_status":"closed","ping_status":"closed","template":"templates\/template-rooms-categories.php","meta":{"_acf_changed":false,"footnotes":""},"class_list":["post-466","page","type-page","status-publish","has-post-thumbnail","hentry"],"acf":[],"yoast_head":"<!-- This site is optimized with the Yoast SEO plugin v27.2 - https:\/\/yoast.com\/product\/yoast-seo-wordpress\/ -->\n<title>Luxury Hotel Rooms - Son Ermit\u00e1 &amp; Biniduf\u00e1<\/title>\n<meta name=\"description\" content=\"With a selection of just 11 rooms in each hotel, Son Ermit\u00e0 and Biniduf\u00e0 reflect their enchanting surroundings. Elegance is dressed in earthy tones and each room abounds with luxurious details and comfort.\" \/>\n<meta name=\"robots\" content=\"index, follow, max-snippet:-1, max-image-preview:large, max-video-preview:-1\" \/>\n<link rel=\"canonical\" href=\"https:\/\/vestigecollection.com\/son-ermita-binidufa\/rest\/\" \/>\n<meta property=\"og:locale\" content=\"en_US\" \/>\n<meta property=\"og:type\" content=\"article\" \/>\n<meta property=\"og:title\" content=\"Luxury Hotel Rooms - Son Ermit\u00e1 &amp; Biniduf\u00e1\" \/>\n<meta property=\"og:description\" content=\"With a selection of just 11 rooms in each hotel, Son Ermit\u00e0 and Biniduf\u00e0 reflect their enchanting surroundings. Elegance is dressed in earthy tones and each room abounds with luxurious details and comfort.\" \/>\n<meta property=\"og:url\" content=\"https:\/\/vestigecollection.com\/son-ermita-binidufa\/rest\/\" \/>\n<meta property=\"og:site_name\" content=\"Son Ermit\u00e1 &amp; Biniduf\u00e1\" \/>\n<meta property=\"article:modified_time\" content=\"2026-01-26T12:31:00+00:00\" \/>\n<meta property=\"og:image\" content=\"https:\/\/vestigecollection.com\/son-ermita-binidufa\/wp-content\/uploads\/sites\/6\/2025\/07\/SonErmitaMenorca_Deluxe-superior-11-1024x683.jpg\" \/>\n\t<meta property=\"og:image:width\" content=\"1024\" \/>\n\t<meta property=\"og:image:height\" content=\"683\" \/>\n\t<meta property=\"og:image:type\" content=\"image\/jpeg\" \/>\n<meta name=\"twitter:card\" content=\"summary_large_image\" \/>\n<meta name=\"twitter:label1\" content=\"Est. reading time\" \/>\n\t<meta name=\"twitter:data1\" content=\"1 minute\" \/>\n<script type=\"application\/ld+json\" class=\"yoast-schema-graph\">{\"@context\":\"https:\/\/schema.org\",\"@graph\":[{\"@type\":\"WebPage\",\"@id\":\"https:\/\/vestigecollection.com\/son-ermita-binidufa\/rest\/\",\"url\":\"https:\/\/vestigecollection.com\/son-ermita-binidufa\/rest\/\",\"name\":\"Luxury Hotel Rooms - Son Ermit\u00e1 & Biniduf\u00e1\",\"isPartOf\":{\"@id\":\"https:\/\/vestigecollection.com\/son-ermita-binidufa\/#website\"},\"primaryImageOfPage\":{\"@id\":\"https:\/\/vestigecollection.com\/son-ermita-binidufa\/rest\/#primaryimage\"},\"image\":{\"@id\":\"https:\/\/vestigecollection.com\/son-ermita-binidufa\/rest\/#primaryimage\"},\"thumbnailUrl\":\"https:\/\/vestigecollection.com\/son-ermita-binidufa\/wp-content\/uploads\/sites\/6\/2025\/07\/SonErmitaMenorca_Deluxe-superior-11.jpg\",\"datePublished\":\"2023-07-18T12:00:26+00:00\",\"dateModified\":\"2026-01-26T12:31:00+00:00\",\"description\":\"With a selection of just 11 rooms in each hotel, Son Ermit\u00e0 and Biniduf\u00e0 reflect their enchanting surroundings. Elegance is dressed in earthy tones and each room abounds with luxurious details and comfort.\",\"breadcrumb\":{\"@id\":\"https:\/\/vestigecollection.com\/son-ermita-binidufa\/rest\/#breadcrumb\"},\"inLanguage\":\"en-US\",\"potentialAction\":[{\"@type\":\"ReadAction\",\"target\":[\"https:\/\/vestigecollection.com\/son-ermita-binidufa\/rest\/\"]}]},{\"@type\":\"ImageObject\",\"inLanguage\":\"en-US\",\"@id\":\"https:\/\/vestigecollection.com\/son-ermita-binidufa\/rest\/#primaryimage\",\"url\":\"https:\/\/vestigecollection.com\/son-ermita-binidufa\/wp-content\/uploads\/sites\/6\/2025\/07\/SonErmitaMenorca_Deluxe-superior-11.jpg\",\"contentUrl\":\"https:\/\/vestigecollection.com\/son-ermita-binidufa\/wp-content\/uploads\/sites\/6\/2025\/07\/SonErmitaMenorca_Deluxe-superior-11.jpg\",\"width\":2500,\"height\":1667,\"caption\":\"SonErmitaMenorca Deluxe superior (11)\"},{\"@type\":\"BreadcrumbList\",\"@id\":\"https:\/\/vestigecollection.com\/son-ermita-binidufa\/rest\/#breadcrumb\",\"itemListElement\":[{\"@type\":\"ListItem\",\"position\":1,\"name\":\"Home\",\"item\":\"https:\/\/vestigecollection.com\/son-ermita-binidufa\/\"},{\"@type\":\"ListItem\",\"position\":2,\"name\":\"Rest\"}]},{\"@type\":\"WebSite\",\"@id\":\"https:\/\/vestigecollection.com\/son-ermita-binidufa\/#website\",\"url\":\"https:\/\/vestigecollection.com\/son-ermita-binidufa\/\",\"name\":\"Son Ermit\u00e1 & Biniduf\u00e1\",\"description\":\"Vestige Collection\",\"potentialAction\":[{\"@type\":\"SearchAction\",\"target\":{\"@type\":\"EntryPoint\",\"urlTemplate\":\"https:\/\/vestigecollection.com\/son-ermita-binidufa\/?s={search_term_string}\"},\"query-input\":{\"@type\":\"PropertyValueSpecification\",\"valueRequired\":true,\"valueName\":\"search_term_string\"}}],\"inLanguage\":\"en-US\"}]}<\/script>\n<!-- \/ Yoast SEO plugin. -->","yoast_head_json":{"title":"Luxury Hotel Rooms - Son Ermit\u00e1 & Biniduf\u00e1","description":"With a selection of just 11 rooms in each hotel, Son Ermit\u00e0 and Biniduf\u00e0 reflect their enchanting surroundings. Elegance is dressed in earthy tones and each room abounds with luxurious details and comfort.","robots":{"index":"index","follow":"follow","max-snippet":"max-snippet:-1","max-image-preview":"max-image-preview:large","max-video-preview":"max-video-preview:-1"},"canonical":"https:\/\/vestigecollection.com\/son-ermita-binidufa\/rest\/","og_locale":"en_US","og_type":"article","og_title":"Luxury Hotel Rooms - Son Ermit\u00e1 & Biniduf\u00e1","og_description":"With a selection of just 11 rooms in each hotel, Son Ermit\u00e0 and Biniduf\u00e0 reflect their enchanting surroundings. Elegance is dressed in earthy tones and each room abounds with luxurious details and comfort.","og_url":"https:\/\/vestigecollection.com\/son-ermita-binidufa\/rest\/","og_site_name":"Son Ermit\u00e1 & Biniduf\u00e1","article_modified_time":"2026-01-26T12:31:00+00:00","og_image":[{"width":1024,"height":683,"url":"https:\/\/vestigecollection.com\/son-ermita-binidufa\/wp-content\/uploads\/sites\/6\/2025\/07\/SonErmitaMenorca_Deluxe-superior-11-1024x683.jpg","type":"image\/jpeg"}],"twitter_card":"summary_large_image","twitter_misc":{"Est. reading time":"1 minute"},"schema":{"@context":"https:\/\/schema.org","@graph":[{"@type":"WebPage","@id":"https:\/\/vestigecollection.com\/son-ermita-binidufa\/rest\/","url":"https:\/\/vestigecollection.com\/son-ermita-binidufa\/rest\/","name":"Luxury Hotel Rooms - Son Ermit\u00e1 & Biniduf\u00e1","isPartOf":{"@id":"https:\/\/vestigecollection.com\/son-ermita-binidufa\/#website"},"primaryImageOfPage":{"@id":"https:\/\/vestigecollection.com\/son-ermita-binidufa\/rest\/#primaryimage"},"image":{"@id":"https:\/\/vestigecollection.com\/son-ermita-binidufa\/rest\/#primaryimage"},"thumbnailUrl":"https:\/\/vestigecollection.com\/son-ermita-binidufa\/wp-content\/uploads\/sites\/6\/2025\/07\/SonErmitaMenorca_Deluxe-superior-11.jpg","datePublished":"2023-07-18T12:00:26+00:00","dateModified":"2026-01-26T12:31:00+00:00","description":"With a selection of just 11 rooms in each hotel, Son Ermit\u00e0 and Biniduf\u00e0 reflect their enchanting surroundings. Elegance is dressed in earthy tones and each room abounds with luxurious details and comfort.","breadcrumb":{"@id":"https:\/\/vestigecollection.com\/son-ermita-binidufa\/rest\/#breadcrumb"},"inLanguage":"en-US","potentialAction":[{"@type":"ReadAction","target":["https:\/\/vestigecollection.com\/son-ermita-binidufa\/rest\/"]}]},{"@type":"ImageObject","inLanguage":"en-US","@id":"https:\/\/vestigecollection.com\/son-ermita-binidufa\/rest\/#primaryimage","url":"https:\/\/vestigecollection.com\/son-ermita-binidufa\/wp-content\/uploads\/sites\/6\/2025\/07\/SonErmitaMenorca_Deluxe-superior-11.jpg","contentUrl":"https:\/\/vestigecollection.com\/son-ermita-binidufa\/wp-content\/uploads\/sites\/6\/2025\/07\/SonErmitaMenorca_Deluxe-superior-11.jpg","width":2500,"height":1667,"caption":"SonErmitaMenorca Deluxe superior (11)"},{"@type":"BreadcrumbList","@id":"https:\/\/vestigecollection.com\/son-ermita-binidufa\/rest\/#breadcrumb","itemListElement":[{"@type":"ListItem","position":1,"name":"Home","item":"https:\/\/vestigecollection.com\/son-ermita-binidufa\/"},{"@type":"ListItem","position":2,"name":"Rest"}]},{"@type":"WebSite","@id":"https:\/\/vestigecollection.com\/son-ermita-binidufa\/#website","url":"https:\/\/vestigecollection.com\/son-ermita-binidufa\/","name":"Son Ermit\u00e1 & Biniduf\u00e1","description":"Vestige Collection","potentialAction":[{"@type":"SearchAction","target":{"@type":"EntryPoint","urlTemplate":"https:\/\/vestigecollection.com\/son-ermita-binidufa\/?s={search_term_string}"},"query-input":{"@type":"PropertyValueSpecification","valueRequired":true,"valueName":"search_term_string"}}],"inLanguage":"en-US"}]}},"_links":{"self":[{"href":"https:\/\/vestigecollection.com\/son-ermita-binidufa\/wp-json\/wp\/v2\/pages\/466","targetHints":{"allow":["GET"]}}],"collection":[{"href":"https:\/\/vestigecollection.com\/son-ermita-binidufa\/wp-json\/wp\/v2\/pages"}],"about":[{"href":"https:\/\/vestigecollection.com\/son-ermita-binidufa\/wp-json\/wp\/v2\/types\/page"}],"author":[{"embeddable":true,"href":"https:\/\/vestigecollection.com\/son-ermita-binidufa\/wp-json\/wp\/v2\/users\/13"}],"replies":[{"embeddable":true,"href":"https:\/\/vestigecollection.com\/son-ermita-binidufa\/wp-json\/wp\/v2\/comments?post=466"}],"version-history":[{"count":9,"href":"https:\/\/vestigecollection.com\/son-ermita-binidufa\/wp-json\/wp\/v2\/pages\/466\/revisions"}],"predecessor-version":[{"id":3938,"href":"https:\/\/vestigecollection.com\/son-ermita-binidufa\/wp-json\/wp\/v2\/pages\/466\/revisions\/3938"}],"wp:featuredmedia":[{"embeddable":true,"href":"https:\/\/vestigecollection.com\/son-ermita-binidufa\/wp-json\/wp\/v2\/media\/3582"}],"wp:attachment":[{"href":"https:\/\/vestigecollection.com\/son-ermita-binidufa\/wp-json\/wp\/v2\/media?parent=466"}],"curies":[{"name":"wp","href":"https:\/\/api.w.org\/{rel}","templated":true}]}}