{"id":2870,"date":"2024-02-23T07:44:02","date_gmt":"2024-02-23T07:44:02","guid":{"rendered":"https:\/\/vestigecollection.com\/son-ermita-binidufa\/regeneration\/"},"modified":"2026-04-16T12:09:46","modified_gmt":"2026-04-16T12:09:46","slug":"regeneration","status":"publish","type":"page","link":"https:\/\/vestigecollection.com\/son-ermita-binidufa\/fr\/regeneration\/","title":{"rendered":"R\u00e9g\u00e9n\u00e9ration"},"content":{"rendered":"","protected":false},"excerpt":{"rendered":"","protected":false},"author":18,"featured_media":0,"parent":0,"menu_order":0,"comment_status":"closed","ping_status":"closed","template":"","meta":{"_acf_changed":false,"footnotes":""},"class_list":["post-2870","page","type-page","status-publish","hentry"],"acf":[],"yoast_head":"<!-- This site is optimized with the Yoast SEO plugin v27.2 - https:\/\/yoast.com\/product\/yoast-seo-wordpress\/ -->\n<title>R\u00e9g\u00e9n\u00e9ration \u2013 Son Ermit\u00e0 et Biniduf\u00e0 \u2013 Collection Vestige<\/title>\n<meta name=\"description\" content=\"Sans jamais faire de compromis sur le confort ou le style, nous avons privil\u00e9gi\u00e9 l\u2019harmonie avec la plan\u00e8te pour la restauration de nos somptueuses propri\u00e9t\u00e9s, car nous pensons que luxe et durabilit\u00e9 peuvent aller de pair.\" \/>\n<meta name=\"robots\" content=\"index, follow, max-snippet:-1, max-image-preview:large, max-video-preview:-1\" \/>\n<link rel=\"canonical\" href=\"https:\/\/vestigecollection.com\/son-ermita-binidufa\/fr\/regeneration\/\" \/>\n<meta property=\"og:locale\" content=\"fr_FR\" \/>\n<meta property=\"og:type\" content=\"article\" \/>\n<meta property=\"og:title\" content=\"R\u00e9g\u00e9n\u00e9ration \u2013 Son Ermit\u00e0 et Biniduf\u00e0 \u2013 Collection Vestige\" \/>\n<meta property=\"og:description\" content=\"Sans jamais faire de compromis sur le confort ou le style, nous avons privil\u00e9gi\u00e9 l\u2019harmonie avec la plan\u00e8te pour la restauration de nos somptueuses propri\u00e9t\u00e9s, car nous pensons que luxe et durabilit\u00e9 peuvent aller de pair.\" \/>\n<meta property=\"og:url\" content=\"https:\/\/vestigecollection.com\/son-ermita-binidufa\/fr\/regeneration\/\" \/>\n<meta property=\"og:site_name\" content=\"Son Ermit\u00e1 &amp; Biniduf\u00e1\" \/>\n<meta property=\"article:modified_time\" content=\"2026-04-16T12:09:46+00:00\" \/>\n<meta name=\"twitter:card\" content=\"summary_large_image\" \/>\n<script type=\"application\/ld+json\" class=\"yoast-schema-graph\">{\"@context\":\"https:\/\/schema.org\",\"@graph\":[{\"@type\":\"WebPage\",\"@id\":\"https:\/\/vestigecollection.com\/son-ermita-binidufa\/fr\/regeneration\/\",\"url\":\"https:\/\/vestigecollection.com\/son-ermita-binidufa\/fr\/regeneration\/\",\"name\":\"R\u00e9g\u00e9n\u00e9ration \u2013 Son Ermit\u00e0 et Biniduf\u00e0 \u2013 Collection Vestige\",\"isPartOf\":{\"@id\":\"https:\/\/vestigecollection.com\/son-ermita-binidufa\/fr\/#website\"},\"datePublished\":\"2024-02-23T07:44:02+00:00\",\"dateModified\":\"2026-04-16T12:09:46+00:00\",\"description\":\"Sans jamais faire de compromis sur le confort ou le style, nous avons privil\u00e9gi\u00e9 l\u2019harmonie avec la plan\u00e8te pour la restauration de nos somptueuses propri\u00e9t\u00e9s, car nous pensons que luxe et durabilit\u00e9 peuvent aller de pair.\",\"breadcrumb\":{\"@id\":\"https:\/\/vestigecollection.com\/son-ermita-binidufa\/fr\/regeneration\/#breadcrumb\"},\"inLanguage\":\"fr-FR\",\"potentialAction\":[{\"@type\":\"ReadAction\",\"target\":[\"https:\/\/vestigecollection.com\/son-ermita-binidufa\/fr\/regeneration\/\"]}]},{\"@type\":\"BreadcrumbList\",\"@id\":\"https:\/\/vestigecollection.com\/son-ermita-binidufa\/fr\/regeneration\/#breadcrumb\",\"itemListElement\":[{\"@type\":\"ListItem\",\"position\":1,\"name\":\"Home\",\"item\":\"https:\/\/vestigecollection.com\/son-ermita-binidufa\/fr\/\"},{\"@type\":\"ListItem\",\"position\":2,\"name\":\"R\u00e9g\u00e9n\u00e9ration\"}]},{\"@type\":\"WebSite\",\"@id\":\"https:\/\/vestigecollection.com\/son-ermita-binidufa\/fr\/#website\",\"url\":\"https:\/\/vestigecollection.com\/son-ermita-binidufa\/fr\/\",\"name\":\"Son Ermit\u00e1 & Biniduf\u00e1\",\"description\":\"Vestige Collection\",\"potentialAction\":[{\"@type\":\"SearchAction\",\"target\":{\"@type\":\"EntryPoint\",\"urlTemplate\":\"https:\/\/vestigecollection.com\/son-ermita-binidufa\/fr\/?s={search_term_string}\"},\"query-input\":{\"@type\":\"PropertyValueSpecification\",\"valueRequired\":true,\"valueName\":\"search_term_string\"}}],\"inLanguage\":\"fr-FR\"}]}<\/script>\n<!-- \/ Yoast SEO plugin. -->","yoast_head_json":{"title":"R\u00e9g\u00e9n\u00e9ration \u2013 Son Ermit\u00e0 et Biniduf\u00e0 \u2013 Collection Vestige","description":"Sans jamais faire de compromis sur le confort ou le style, nous avons privil\u00e9gi\u00e9 l\u2019harmonie avec la plan\u00e8te pour la restauration de nos somptueuses propri\u00e9t\u00e9s, car nous pensons que luxe et durabilit\u00e9 peuvent aller de pair.","robots":{"index":"index","follow":"follow","max-snippet":"max-snippet:-1","max-image-preview":"max-image-preview:large","max-video-preview":"max-video-preview:-1"},"canonical":"https:\/\/vestigecollection.com\/son-ermita-binidufa\/fr\/regeneration\/","og_locale":"fr_FR","og_type":"article","og_title":"R\u00e9g\u00e9n\u00e9ration \u2013 Son Ermit\u00e0 et Biniduf\u00e0 \u2013 Collection Vestige","og_description":"Sans jamais faire de compromis sur le confort ou le style, nous avons privil\u00e9gi\u00e9 l\u2019harmonie avec la plan\u00e8te pour la restauration de nos somptueuses propri\u00e9t\u00e9s, car nous pensons que luxe et durabilit\u00e9 peuvent aller de pair.","og_url":"https:\/\/vestigecollection.com\/son-ermita-binidufa\/fr\/regeneration\/","og_site_name":"Son Ermit\u00e1 & Biniduf\u00e1","article_modified_time":"2026-04-16T12:09:46+00:00","twitter_card":"summary_large_image","schema":{"@context":"https:\/\/schema.org","@graph":[{"@type":"WebPage","@id":"https:\/\/vestigecollection.com\/son-ermita-binidufa\/fr\/regeneration\/","url":"https:\/\/vestigecollection.com\/son-ermita-binidufa\/fr\/regeneration\/","name":"R\u00e9g\u00e9n\u00e9ration \u2013 Son Ermit\u00e0 et Biniduf\u00e0 \u2013 Collection Vestige","isPartOf":{"@id":"https:\/\/vestigecollection.com\/son-ermita-binidufa\/fr\/#website"},"datePublished":"2024-02-23T07:44:02+00:00","dateModified":"2026-04-16T12:09:46+00:00","description":"Sans jamais faire de compromis sur le confort ou le style, nous avons privil\u00e9gi\u00e9 l\u2019harmonie avec la plan\u00e8te pour la restauration de nos somptueuses propri\u00e9t\u00e9s, car nous pensons que luxe et durabilit\u00e9 peuvent aller de pair.","breadcrumb":{"@id":"https:\/\/vestigecollection.com\/son-ermita-binidufa\/fr\/regeneration\/#breadcrumb"},"inLanguage":"fr-FR","potentialAction":[{"@type":"ReadAction","target":["https:\/\/vestigecollection.com\/son-ermita-binidufa\/fr\/regeneration\/"]}]},{"@type":"BreadcrumbList","@id":"https:\/\/vestigecollection.com\/son-ermita-binidufa\/fr\/regeneration\/#breadcrumb","itemListElement":[{"@type":"ListItem","position":1,"name":"Home","item":"https:\/\/vestigecollection.com\/son-ermita-binidufa\/fr\/"},{"@type":"ListItem","position":2,"name":"R\u00e9g\u00e9n\u00e9ration"}]},{"@type":"WebSite","@id":"https:\/\/vestigecollection.com\/son-ermita-binidufa\/fr\/#website","url":"https:\/\/vestigecollection.com\/son-ermita-binidufa\/fr\/","name":"Son Ermit\u00e1 & Biniduf\u00e1","description":"Vestige Collection","potentialAction":[{"@type":"SearchAction","target":{"@type":"EntryPoint","urlTemplate":"https:\/\/vestigecollection.com\/son-ermita-binidufa\/fr\/?s={search_term_string}"},"query-input":{"@type":"PropertyValueSpecification","valueRequired":true,"valueName":"search_term_string"}}],"inLanguage":"fr-FR"}]}},"_links":{"self":[{"href":"https:\/\/vestigecollection.com\/son-ermita-binidufa\/fr\/wp-json\/wp\/v2\/pages\/2870","targetHints":{"allow":["GET"]}}],"collection":[{"href":"https:\/\/vestigecollection.com\/son-ermita-binidufa\/fr\/wp-json\/wp\/v2\/pages"}],"about":[{"href":"https:\/\/vestigecollection.com\/son-ermita-binidufa\/fr\/wp-json\/wp\/v2\/types\/page"}],"author":[{"embeddable":true,"href":"https:\/\/vestigecollection.com\/son-ermita-binidufa\/fr\/wp-json\/wp\/v2\/users\/18"}],"replies":[{"embeddable":true,"href":"https:\/\/vestigecollection.com\/son-ermita-binidufa\/fr\/wp-json\/wp\/v2\/comments?post=2870"}],"version-history":[{"count":6,"href":"https:\/\/vestigecollection.com\/son-ermita-binidufa\/fr\/wp-json\/wp\/v2\/pages\/2870\/revisions"}],"predecessor-version":[{"id":3960,"href":"https:\/\/vestigecollection.com\/son-ermita-binidufa\/fr\/wp-json\/wp\/v2\/pages\/2870\/revisions\/3960"}],"wp:attachment":[{"href":"https:\/\/vestigecollection.com\/son-ermita-binidufa\/fr\/wp-json\/wp\/v2\/media?parent=2870"}],"curies":[{"name":"wp","href":"https:\/\/api.w.org\/{rel}","templated":true}]}}