{"id":1200,"date":"2023-07-18T12:00:26","date_gmt":"2023-07-18T12:00:26","guid":{"rendered":"https:\/\/vestigecollection.sidnpre.com\/sonvell\/rest\/"},"modified":"2026-01-26T12:32:07","modified_gmt":"2026-01-26T12:32:07","slug":"chambres","status":"publish","type":"page","link":"https:\/\/vestigecollection.com\/son-ermita-binidufa\/fr\/chambres\/","title":{"rendered":"Chambres"},"content":{"rendered":"<p>R\u00e9servez d\u00e8s maintenant pour des s\u00e9jours \u00e0 partir d\u2019avril 2026.<\/p>\n","protected":false},"excerpt":{"rendered":"<p>R\u00e9servez d\u00e8s maintenant pour des s\u00e9jours \u00e0 partir d\u2019avril 2026.<\/p>\n","protected":false},"author":13,"featured_media":3583,"parent":0,"menu_order":0,"comment_status":"closed","ping_status":"closed","template":"templates\/template-rooms-categories.php","meta":{"_acf_changed":false,"footnotes":""},"class_list":["post-1200","page","type-page","status-publish","has-post-thumbnail","hentry"],"acf":[],"yoast_head":"<!-- This site is optimized with the Yoast SEO plugin v27.2 - https:\/\/yoast.com\/product\/yoast-seo-wordpress\/ -->\n<title>Chambres de luxe - Son Ermit\u00e1 &amp; Biniduf\u00e1<\/title>\n<meta name=\"description\" content=\"Avec une s\u00e9lection de seulement 11 chambres dans chaque h\u00f4tel, Son Ermit\u00e0 et Biniduf\u00e0 refl\u00e8tent leur environnement enchanteur.\" \/>\n<meta name=\"robots\" content=\"index, follow, max-snippet:-1, max-image-preview:large, max-video-preview:-1\" \/>\n<link rel=\"canonical\" href=\"https:\/\/vestigecollection.com\/son-ermita-binidufa\/fr\/chambres\/\" \/>\n<meta property=\"og:locale\" content=\"fr_FR\" \/>\n<meta property=\"og:type\" content=\"article\" \/>\n<meta property=\"og:title\" content=\"Chambres de luxe - Son Ermit\u00e1 &amp; Biniduf\u00e1\" \/>\n<meta property=\"og:description\" content=\"Avec une s\u00e9lection de seulement 11 chambres dans chaque h\u00f4tel, Son Ermit\u00e0 et Biniduf\u00e0 refl\u00e8tent leur environnement enchanteur.\" \/>\n<meta property=\"og:url\" content=\"https:\/\/vestigecollection.com\/son-ermita-binidufa\/fr\/chambres\/\" \/>\n<meta property=\"og:site_name\" content=\"Son Ermit\u00e1 &amp; Biniduf\u00e1\" \/>\n<meta property=\"article:modified_time\" content=\"2026-01-26T12:32:07+00:00\" \/>\n<meta property=\"og:image\" content=\"https:\/\/vestigecollection.com\/son-ermita-binidufa\/wp-content\/uploads\/sites\/6\/2025\/07\/SonErmitaMenorca_Deluxe-superior-11-1024x683.jpg\" \/>\n\t<meta property=\"og:image:width\" content=\"1024\" \/>\n\t<meta property=\"og:image:height\" content=\"683\" \/>\n\t<meta property=\"og:image:type\" content=\"image\/jpeg\" \/>\n<meta name=\"twitter:card\" content=\"summary_large_image\" \/>\n<meta name=\"twitter:label1\" content=\"Dur\u00e9e de lecture estim\u00e9e\" \/>\n\t<meta name=\"twitter:data1\" content=\"1 minute\" \/>\n<script type=\"application\/ld+json\" class=\"yoast-schema-graph\">{\"@context\":\"https:\/\/schema.org\",\"@graph\":[{\"@type\":\"WebPage\",\"@id\":\"https:\/\/vestigecollection.com\/son-ermita-binidufa\/fr\/chambres\/\",\"url\":\"https:\/\/vestigecollection.com\/son-ermita-binidufa\/fr\/chambres\/\",\"name\":\"Chambres de luxe - Son Ermit\u00e1 & Biniduf\u00e1\",\"isPartOf\":{\"@id\":\"https:\/\/vestigecollection.com\/son-ermita-binidufa\/fr\/#website\"},\"primaryImageOfPage\":{\"@id\":\"https:\/\/vestigecollection.com\/son-ermita-binidufa\/fr\/chambres\/#primaryimage\"},\"image\":{\"@id\":\"https:\/\/vestigecollection.com\/son-ermita-binidufa\/fr\/chambres\/#primaryimage\"},\"thumbnailUrl\":\"https:\/\/vestigecollection.com\/son-ermita-binidufa\/wp-content\/uploads\/sites\/6\/2025\/07\/SonErmitaMenorca_Deluxe-superior-11.jpg\",\"datePublished\":\"2023-07-18T12:00:26+00:00\",\"dateModified\":\"2026-01-26T12:32:07+00:00\",\"description\":\"Avec une s\u00e9lection de seulement 11 chambres dans chaque h\u00f4tel, Son Ermit\u00e0 et Biniduf\u00e0 refl\u00e8tent leur environnement enchanteur.\",\"breadcrumb\":{\"@id\":\"https:\/\/vestigecollection.com\/son-ermita-binidufa\/fr\/chambres\/#breadcrumb\"},\"inLanguage\":\"fr-FR\",\"potentialAction\":[{\"@type\":\"ReadAction\",\"target\":[\"https:\/\/vestigecollection.com\/son-ermita-binidufa\/fr\/chambres\/\"]}]},{\"@type\":\"ImageObject\",\"inLanguage\":\"fr-FR\",\"@id\":\"https:\/\/vestigecollection.com\/son-ermita-binidufa\/fr\/chambres\/#primaryimage\",\"url\":\"https:\/\/vestigecollection.com\/son-ermita-binidufa\/wp-content\/uploads\/sites\/6\/2025\/07\/SonErmitaMenorca_Deluxe-superior-11.jpg\",\"contentUrl\":\"https:\/\/vestigecollection.com\/son-ermita-binidufa\/wp-content\/uploads\/sites\/6\/2025\/07\/SonErmitaMenorca_Deluxe-superior-11.jpg\",\"width\":2500,\"height\":1667,\"caption\":\"SonErmitaMenorca Deluxe superior (11)\"},{\"@type\":\"BreadcrumbList\",\"@id\":\"https:\/\/vestigecollection.com\/son-ermita-binidufa\/fr\/chambres\/#breadcrumb\",\"itemListElement\":[{\"@type\":\"ListItem\",\"position\":1,\"name\":\"Home\",\"item\":\"https:\/\/vestigecollection.com\/son-ermita-binidufa\/fr\/\"},{\"@type\":\"ListItem\",\"position\":2,\"name\":\"Chambres\"}]},{\"@type\":\"WebSite\",\"@id\":\"https:\/\/vestigecollection.com\/son-ermita-binidufa\/fr\/#website\",\"url\":\"https:\/\/vestigecollection.com\/son-ermita-binidufa\/fr\/\",\"name\":\"Son Ermit\u00e1 & Biniduf\u00e1\",\"description\":\"Vestige Collection\",\"potentialAction\":[{\"@type\":\"SearchAction\",\"target\":{\"@type\":\"EntryPoint\",\"urlTemplate\":\"https:\/\/vestigecollection.com\/son-ermita-binidufa\/fr\/?s={search_term_string}\"},\"query-input\":{\"@type\":\"PropertyValueSpecification\",\"valueRequired\":true,\"valueName\":\"search_term_string\"}}],\"inLanguage\":\"fr-FR\"}]}<\/script>\n<!-- \/ Yoast SEO plugin. -->","yoast_head_json":{"title":"Chambres de luxe - Son Ermit\u00e1 & Biniduf\u00e1","description":"Avec une s\u00e9lection de seulement 11 chambres dans chaque h\u00f4tel, Son Ermit\u00e0 et Biniduf\u00e0 refl\u00e8tent leur environnement enchanteur.","robots":{"index":"index","follow":"follow","max-snippet":"max-snippet:-1","max-image-preview":"max-image-preview:large","max-video-preview":"max-video-preview:-1"},"canonical":"https:\/\/vestigecollection.com\/son-ermita-binidufa\/fr\/chambres\/","og_locale":"fr_FR","og_type":"article","og_title":"Chambres de luxe - Son Ermit\u00e1 & Biniduf\u00e1","og_description":"Avec une s\u00e9lection de seulement 11 chambres dans chaque h\u00f4tel, Son Ermit\u00e0 et Biniduf\u00e0 refl\u00e8tent leur environnement enchanteur.","og_url":"https:\/\/vestigecollection.com\/son-ermita-binidufa\/fr\/chambres\/","og_site_name":"Son Ermit\u00e1 & Biniduf\u00e1","article_modified_time":"2026-01-26T12:32:07+00:00","og_image":[{"width":1024,"height":683,"url":"https:\/\/vestigecollection.com\/son-ermita-binidufa\/wp-content\/uploads\/sites\/6\/2025\/07\/SonErmitaMenorca_Deluxe-superior-11-1024x683.jpg","type":"image\/jpeg"}],"twitter_card":"summary_large_image","twitter_misc":{"Dur\u00e9e de lecture estim\u00e9e":"1 minute"},"schema":{"@context":"https:\/\/schema.org","@graph":[{"@type":"WebPage","@id":"https:\/\/vestigecollection.com\/son-ermita-binidufa\/fr\/chambres\/","url":"https:\/\/vestigecollection.com\/son-ermita-binidufa\/fr\/chambres\/","name":"Chambres de luxe - Son Ermit\u00e1 & Biniduf\u00e1","isPartOf":{"@id":"https:\/\/vestigecollection.com\/son-ermita-binidufa\/fr\/#website"},"primaryImageOfPage":{"@id":"https:\/\/vestigecollection.com\/son-ermita-binidufa\/fr\/chambres\/#primaryimage"},"image":{"@id":"https:\/\/vestigecollection.com\/son-ermita-binidufa\/fr\/chambres\/#primaryimage"},"thumbnailUrl":"https:\/\/vestigecollection.com\/son-ermita-binidufa\/wp-content\/uploads\/sites\/6\/2025\/07\/SonErmitaMenorca_Deluxe-superior-11.jpg","datePublished":"2023-07-18T12:00:26+00:00","dateModified":"2026-01-26T12:32:07+00:00","description":"Avec une s\u00e9lection de seulement 11 chambres dans chaque h\u00f4tel, Son Ermit\u00e0 et Biniduf\u00e0 refl\u00e8tent leur environnement enchanteur.","breadcrumb":{"@id":"https:\/\/vestigecollection.com\/son-ermita-binidufa\/fr\/chambres\/#breadcrumb"},"inLanguage":"fr-FR","potentialAction":[{"@type":"ReadAction","target":["https:\/\/vestigecollection.com\/son-ermita-binidufa\/fr\/chambres\/"]}]},{"@type":"ImageObject","inLanguage":"fr-FR","@id":"https:\/\/vestigecollection.com\/son-ermita-binidufa\/fr\/chambres\/#primaryimage","url":"https:\/\/vestigecollection.com\/son-ermita-binidufa\/wp-content\/uploads\/sites\/6\/2025\/07\/SonErmitaMenorca_Deluxe-superior-11.jpg","contentUrl":"https:\/\/vestigecollection.com\/son-ermita-binidufa\/wp-content\/uploads\/sites\/6\/2025\/07\/SonErmitaMenorca_Deluxe-superior-11.jpg","width":2500,"height":1667,"caption":"SonErmitaMenorca Deluxe superior (11)"},{"@type":"BreadcrumbList","@id":"https:\/\/vestigecollection.com\/son-ermita-binidufa\/fr\/chambres\/#breadcrumb","itemListElement":[{"@type":"ListItem","position":1,"name":"Home","item":"https:\/\/vestigecollection.com\/son-ermita-binidufa\/fr\/"},{"@type":"ListItem","position":2,"name":"Chambres"}]},{"@type":"WebSite","@id":"https:\/\/vestigecollection.com\/son-ermita-binidufa\/fr\/#website","url":"https:\/\/vestigecollection.com\/son-ermita-binidufa\/fr\/","name":"Son Ermit\u00e1 & Biniduf\u00e1","description":"Vestige Collection","potentialAction":[{"@type":"SearchAction","target":{"@type":"EntryPoint","urlTemplate":"https:\/\/vestigecollection.com\/son-ermita-binidufa\/fr\/?s={search_term_string}"},"query-input":{"@type":"PropertyValueSpecification","valueRequired":true,"valueName":"search_term_string"}}],"inLanguage":"fr-FR"}]}},"_links":{"self":[{"href":"https:\/\/vestigecollection.com\/son-ermita-binidufa\/fr\/wp-json\/wp\/v2\/pages\/1200","targetHints":{"allow":["GET"]}}],"collection":[{"href":"https:\/\/vestigecollection.com\/son-ermita-binidufa\/fr\/wp-json\/wp\/v2\/pages"}],"about":[{"href":"https:\/\/vestigecollection.com\/son-ermita-binidufa\/fr\/wp-json\/wp\/v2\/types\/page"}],"author":[{"embeddable":true,"href":"https:\/\/vestigecollection.com\/son-ermita-binidufa\/fr\/wp-json\/wp\/v2\/users\/13"}],"replies":[{"embeddable":true,"href":"https:\/\/vestigecollection.com\/son-ermita-binidufa\/fr\/wp-json\/wp\/v2\/comments?post=1200"}],"version-history":[{"count":8,"href":"https:\/\/vestigecollection.com\/son-ermita-binidufa\/fr\/wp-json\/wp\/v2\/pages\/1200\/revisions"}],"predecessor-version":[{"id":3936,"href":"https:\/\/vestigecollection.com\/son-ermita-binidufa\/fr\/wp-json\/wp\/v2\/pages\/1200\/revisions\/3936"}],"wp:featuredmedia":[{"embeddable":true,"href":"https:\/\/vestigecollection.com\/son-ermita-binidufa\/fr\/wp-json\/wp\/v2\/media\/3583"}],"wp:attachment":[{"href":"https:\/\/vestigecollection.com\/son-ermita-binidufa\/fr\/wp-json\/wp\/v2\/media?parent=1200"}],"curies":[{"name":"wp","href":"https:\/\/api.w.org\/{rel}","templated":true}]}}