{"id":1191,"date":"2023-07-18T11:05:22","date_gmt":"2023-07-18T11:05:22","guid":{"rendered":"https:\/\/vestigecollection.sidnpre.com\/sonvell\/gallery\/"},"modified":"2025-07-10T09:03:07","modified_gmt":"2025-07-10T09:03:07","slug":"galerie","status":"publish","type":"page","link":"https:\/\/vestigecollection.com\/son-ermita-binidufa\/fr\/galerie\/","title":{"rendered":"Galerie"},"content":{"rendered":"","protected":false},"excerpt":{"rendered":"","protected":false},"author":13,"featured_media":0,"parent":0,"menu_order":0,"comment_status":"closed","ping_status":"closed","template":"","meta":{"_acf_changed":false,"footnotes":""},"class_list":["post-1191","page","type-page","status-publish","hentry"],"acf":[],"yoast_head":"<!-- This site is optimized with the Yoast SEO plugin v27.2 - https:\/\/yoast.com\/product\/yoast-seo-wordpress\/ -->\n<title>Galerie - Son Ermit\u00e1 &amp; Biniduf\u00e1 - Vestige Collection<\/title>\n<meta name=\"description\" content=\"Voulez-vous conna\u00eetre Son Vell ? D\u00e9couvrez ses incroyables ext\u00e9rieurs et ses chambres exclusives dans cette galerie.\" \/>\n<meta name=\"robots\" content=\"index, follow, max-snippet:-1, max-image-preview:large, max-video-preview:-1\" \/>\n<link rel=\"canonical\" href=\"https:\/\/vestigecollection.com\/son-ermita-binidufa\/fr\/galerie\/\" \/>\n<meta property=\"og:locale\" content=\"fr_FR\" \/>\n<meta property=\"og:type\" content=\"article\" \/>\n<meta property=\"og:title\" content=\"Galerie - Son Ermit\u00e1 &amp; Biniduf\u00e1 - Vestige Collection\" \/>\n<meta property=\"og:description\" content=\"Voulez-vous conna\u00eetre Son Vell ? D\u00e9couvrez ses incroyables ext\u00e9rieurs et ses chambres exclusives dans cette galerie.\" \/>\n<meta property=\"og:url\" content=\"https:\/\/vestigecollection.com\/son-ermita-binidufa\/fr\/galerie\/\" \/>\n<meta property=\"og:site_name\" content=\"Son Ermit\u00e1 &amp; Biniduf\u00e1\" \/>\n<meta property=\"article:modified_time\" content=\"2025-07-10T09:03:07+00:00\" \/>\n<meta name=\"twitter:card\" content=\"summary_large_image\" \/>\n<script type=\"application\/ld+json\" class=\"yoast-schema-graph\">{\"@context\":\"https:\/\/schema.org\",\"@graph\":[{\"@type\":\"WebPage\",\"@id\":\"https:\/\/vestigecollection.com\/son-ermita-binidufa\/fr\/galerie\/\",\"url\":\"https:\/\/vestigecollection.com\/son-ermita-binidufa\/fr\/galerie\/\",\"name\":\"Galerie - Son Ermit\u00e1 & Biniduf\u00e1 - Vestige Collection\",\"isPartOf\":{\"@id\":\"https:\/\/vestigecollection.com\/son-ermita-binidufa\/fr\/#website\"},\"datePublished\":\"2023-07-18T11:05:22+00:00\",\"dateModified\":\"2025-07-10T09:03:07+00:00\",\"description\":\"Voulez-vous conna\u00eetre Son Vell ? D\u00e9couvrez ses incroyables ext\u00e9rieurs et ses chambres exclusives dans cette galerie.\",\"breadcrumb\":{\"@id\":\"https:\/\/vestigecollection.com\/son-ermita-binidufa\/fr\/galerie\/#breadcrumb\"},\"inLanguage\":\"fr-FR\",\"potentialAction\":[{\"@type\":\"ReadAction\",\"target\":[\"https:\/\/vestigecollection.com\/son-ermita-binidufa\/fr\/galerie\/\"]}]},{\"@type\":\"BreadcrumbList\",\"@id\":\"https:\/\/vestigecollection.com\/son-ermita-binidufa\/fr\/galerie\/#breadcrumb\",\"itemListElement\":[{\"@type\":\"ListItem\",\"position\":1,\"name\":\"Home\",\"item\":\"https:\/\/vestigecollection.com\/son-ermita-binidufa\/fr\/\"},{\"@type\":\"ListItem\",\"position\":2,\"name\":\"Galerie\"}]},{\"@type\":\"WebSite\",\"@id\":\"https:\/\/vestigecollection.com\/son-ermita-binidufa\/fr\/#website\",\"url\":\"https:\/\/vestigecollection.com\/son-ermita-binidufa\/fr\/\",\"name\":\"Son Ermit\u00e1 & Biniduf\u00e1\",\"description\":\"Vestige Collection\",\"potentialAction\":[{\"@type\":\"SearchAction\",\"target\":{\"@type\":\"EntryPoint\",\"urlTemplate\":\"https:\/\/vestigecollection.com\/son-ermita-binidufa\/fr\/?s={search_term_string}\"},\"query-input\":{\"@type\":\"PropertyValueSpecification\",\"valueRequired\":true,\"valueName\":\"search_term_string\"}}],\"inLanguage\":\"fr-FR\"}]}<\/script>\n<!-- \/ Yoast SEO plugin. -->","yoast_head_json":{"title":"Galerie - Son Ermit\u00e1 & Biniduf\u00e1 - Vestige Collection","description":"Voulez-vous conna\u00eetre Son Vell ? D\u00e9couvrez ses incroyables ext\u00e9rieurs et ses chambres exclusives dans cette galerie.","robots":{"index":"index","follow":"follow","max-snippet":"max-snippet:-1","max-image-preview":"max-image-preview:large","max-video-preview":"max-video-preview:-1"},"canonical":"https:\/\/vestigecollection.com\/son-ermita-binidufa\/fr\/galerie\/","og_locale":"fr_FR","og_type":"article","og_title":"Galerie - Son Ermit\u00e1 & Biniduf\u00e1 - Vestige Collection","og_description":"Voulez-vous conna\u00eetre Son Vell ? D\u00e9couvrez ses incroyables ext\u00e9rieurs et ses chambres exclusives dans cette galerie.","og_url":"https:\/\/vestigecollection.com\/son-ermita-binidufa\/fr\/galerie\/","og_site_name":"Son Ermit\u00e1 & Biniduf\u00e1","article_modified_time":"2025-07-10T09:03:07+00:00","twitter_card":"summary_large_image","schema":{"@context":"https:\/\/schema.org","@graph":[{"@type":"WebPage","@id":"https:\/\/vestigecollection.com\/son-ermita-binidufa\/fr\/galerie\/","url":"https:\/\/vestigecollection.com\/son-ermita-binidufa\/fr\/galerie\/","name":"Galerie - Son Ermit\u00e1 & Biniduf\u00e1 - Vestige Collection","isPartOf":{"@id":"https:\/\/vestigecollection.com\/son-ermita-binidufa\/fr\/#website"},"datePublished":"2023-07-18T11:05:22+00:00","dateModified":"2025-07-10T09:03:07+00:00","description":"Voulez-vous conna\u00eetre Son Vell ? D\u00e9couvrez ses incroyables ext\u00e9rieurs et ses chambres exclusives dans cette galerie.","breadcrumb":{"@id":"https:\/\/vestigecollection.com\/son-ermita-binidufa\/fr\/galerie\/#breadcrumb"},"inLanguage":"fr-FR","potentialAction":[{"@type":"ReadAction","target":["https:\/\/vestigecollection.com\/son-ermita-binidufa\/fr\/galerie\/"]}]},{"@type":"BreadcrumbList","@id":"https:\/\/vestigecollection.com\/son-ermita-binidufa\/fr\/galerie\/#breadcrumb","itemListElement":[{"@type":"ListItem","position":1,"name":"Home","item":"https:\/\/vestigecollection.com\/son-ermita-binidufa\/fr\/"},{"@type":"ListItem","position":2,"name":"Galerie"}]},{"@type":"WebSite","@id":"https:\/\/vestigecollection.com\/son-ermita-binidufa\/fr\/#website","url":"https:\/\/vestigecollection.com\/son-ermita-binidufa\/fr\/","name":"Son Ermit\u00e1 & Biniduf\u00e1","description":"Vestige Collection","potentialAction":[{"@type":"SearchAction","target":{"@type":"EntryPoint","urlTemplate":"https:\/\/vestigecollection.com\/son-ermita-binidufa\/fr\/?s={search_term_string}"},"query-input":{"@type":"PropertyValueSpecification","valueRequired":true,"valueName":"search_term_string"}}],"inLanguage":"fr-FR"}]}},"_links":{"self":[{"href":"https:\/\/vestigecollection.com\/son-ermita-binidufa\/fr\/wp-json\/wp\/v2\/pages\/1191","targetHints":{"allow":["GET"]}}],"collection":[{"href":"https:\/\/vestigecollection.com\/son-ermita-binidufa\/fr\/wp-json\/wp\/v2\/pages"}],"about":[{"href":"https:\/\/vestigecollection.com\/son-ermita-binidufa\/fr\/wp-json\/wp\/v2\/types\/page"}],"author":[{"embeddable":true,"href":"https:\/\/vestigecollection.com\/son-ermita-binidufa\/fr\/wp-json\/wp\/v2\/users\/13"}],"replies":[{"embeddable":true,"href":"https:\/\/vestigecollection.com\/son-ermita-binidufa\/fr\/wp-json\/wp\/v2\/comments?post=1191"}],"version-history":[{"count":8,"href":"https:\/\/vestigecollection.com\/son-ermita-binidufa\/fr\/wp-json\/wp\/v2\/pages\/1191\/revisions"}],"predecessor-version":[{"id":3831,"href":"https:\/\/vestigecollection.com\/son-ermita-binidufa\/fr\/wp-json\/wp\/v2\/pages\/1191\/revisions\/3831"}],"wp:attachment":[{"href":"https:\/\/vestigecollection.com\/son-ermita-binidufa\/fr\/wp-json\/wp\/v2\/media?parent=1191"}],"curies":[{"name":"wp","href":"https:\/\/api.w.org\/{rel}","templated":true}]}}