{"id":1065,"date":"2023-07-18T12:00:26","date_gmt":"2023-07-18T12:00:26","guid":{"rendered":"https:\/\/vestigecollection.sidnpre.com\/sonvell\/rest\/"},"modified":"2026-01-26T12:32:53","modified_gmt":"2026-01-26T12:32:53","slug":"descanso","status":"publish","type":"page","link":"https:\/\/vestigecollection.com\/son-ermita-binidufa\/es\/descanso\/","title":{"rendered":"Descanso"},"content":{"rendered":"<p>Reservas disponibles para estancias a partir de abril de 2026.<\/p>\n","protected":false},"excerpt":{"rendered":"<p>Reservas disponibles para estancias a partir de abril de 2026.<\/p>\n","protected":false},"author":13,"featured_media":3581,"parent":0,"menu_order":0,"comment_status":"closed","ping_status":"closed","template":"templates\/template-rooms-categories.php","meta":{"_acf_changed":false,"footnotes":""},"class_list":["post-1065","page","type-page","status-publish","has-post-thumbnail","hentry"],"acf":[],"yoast_head":"<!-- This site is optimized with the Yoast SEO plugin v27.2 - https:\/\/yoast.com\/product\/yoast-seo-wordpress\/ -->\n<title>Habitaciones de lujo - Son Ermit\u00e0 y Biniduf\u00e0 - Vestige Collection<\/title>\n<meta name=\"description\" content=\"Con una selecci\u00f3n de tan solo 11 habitaciones en cada hotel, Son Ermit\u00e0 y Biniduf\u00e0 son el reflejo de su encantador entorno. La elegancia se viste de tonos terrosos y en cada estancia abundan los detalles de lujo y la comodidad.\" \/>\n<meta name=\"robots\" content=\"index, follow, max-snippet:-1, max-image-preview:large, max-video-preview:-1\" \/>\n<link rel=\"canonical\" href=\"https:\/\/vestigecollection.com\/son-ermita-binidufa\/es\/descanso\/\" \/>\n<meta property=\"og:locale\" content=\"es_ES\" \/>\n<meta property=\"og:type\" content=\"article\" \/>\n<meta property=\"og:title\" content=\"Habitaciones de lujo - Son Ermit\u00e0 y Biniduf\u00e0 - Vestige Collection\" \/>\n<meta property=\"og:description\" content=\"Con una selecci\u00f3n de tan solo 11 habitaciones en cada hotel, Son Ermit\u00e0 y Biniduf\u00e0 son el reflejo de su encantador entorno. La elegancia se viste de tonos terrosos y en cada estancia abundan los detalles de lujo y la comodidad.\" \/>\n<meta property=\"og:url\" content=\"https:\/\/vestigecollection.com\/son-ermita-binidufa\/es\/descanso\/\" \/>\n<meta property=\"og:site_name\" content=\"Son Ermit\u00e1 &amp; Biniduf\u00e1\" \/>\n<meta property=\"article:modified_time\" content=\"2026-01-26T12:32:53+00:00\" \/>\n<meta property=\"og:image\" content=\"https:\/\/vestigecollection.com\/son-ermita-binidufa\/wp-content\/uploads\/sites\/6\/2025\/07\/SonErmitaMenorca_Deluxe-superior-11-1024x683.jpg\" \/>\n\t<meta property=\"og:image:width\" content=\"1024\" \/>\n\t<meta property=\"og:image:height\" content=\"683\" \/>\n\t<meta property=\"og:image:type\" content=\"image\/jpeg\" \/>\n<meta name=\"twitter:card\" content=\"summary_large_image\" \/>\n<meta name=\"twitter:label1\" content=\"Tiempo de lectura\" \/>\n\t<meta name=\"twitter:data1\" content=\"1 minuto\" \/>\n<script type=\"application\/ld+json\" class=\"yoast-schema-graph\">{\"@context\":\"https:\/\/schema.org\",\"@graph\":[{\"@type\":\"WebPage\",\"@id\":\"https:\/\/vestigecollection.com\/son-ermita-binidufa\/es\/descanso\/\",\"url\":\"https:\/\/vestigecollection.com\/son-ermita-binidufa\/es\/descanso\/\",\"name\":\"Habitaciones de lujo - Son Ermit\u00e0 y Biniduf\u00e0 - Vestige Collection\",\"isPartOf\":{\"@id\":\"https:\/\/vestigecollection.com\/son-ermita-binidufa\/es\/#website\"},\"primaryImageOfPage\":{\"@id\":\"https:\/\/vestigecollection.com\/son-ermita-binidufa\/es\/descanso\/#primaryimage\"},\"image\":{\"@id\":\"https:\/\/vestigecollection.com\/son-ermita-binidufa\/es\/descanso\/#primaryimage\"},\"thumbnailUrl\":\"https:\/\/vestigecollection.com\/son-ermita-binidufa\/wp-content\/uploads\/sites\/6\/2025\/07\/SonErmitaMenorca_Deluxe-superior-11.jpg\",\"datePublished\":\"2023-07-18T12:00:26+00:00\",\"dateModified\":\"2026-01-26T12:32:53+00:00\",\"description\":\"Con una selecci\u00f3n de tan solo 11 habitaciones en cada hotel, Son Ermit\u00e0 y Biniduf\u00e0 son el reflejo de su encantador entorno. La elegancia se viste de tonos terrosos y en cada estancia abundan los detalles de lujo y la comodidad.\",\"breadcrumb\":{\"@id\":\"https:\/\/vestigecollection.com\/son-ermita-binidufa\/es\/descanso\/#breadcrumb\"},\"inLanguage\":\"es\",\"potentialAction\":[{\"@type\":\"ReadAction\",\"target\":[\"https:\/\/vestigecollection.com\/son-ermita-binidufa\/es\/descanso\/\"]}]},{\"@type\":\"ImageObject\",\"inLanguage\":\"es\",\"@id\":\"https:\/\/vestigecollection.com\/son-ermita-binidufa\/es\/descanso\/#primaryimage\",\"url\":\"https:\/\/vestigecollection.com\/son-ermita-binidufa\/wp-content\/uploads\/sites\/6\/2025\/07\/SonErmitaMenorca_Deluxe-superior-11.jpg\",\"contentUrl\":\"https:\/\/vestigecollection.com\/son-ermita-binidufa\/wp-content\/uploads\/sites\/6\/2025\/07\/SonErmitaMenorca_Deluxe-superior-11.jpg\",\"width\":2500,\"height\":1667,\"caption\":\"SonErmitaMenorca Deluxe superior\"},{\"@type\":\"BreadcrumbList\",\"@id\":\"https:\/\/vestigecollection.com\/son-ermita-binidufa\/es\/descanso\/#breadcrumb\",\"itemListElement\":[{\"@type\":\"ListItem\",\"position\":1,\"name\":\"Home\",\"item\":\"https:\/\/vestigecollection.com\/son-ermita-binidufa\/es\/\"},{\"@type\":\"ListItem\",\"position\":2,\"name\":\"Descanso\"}]},{\"@type\":\"WebSite\",\"@id\":\"https:\/\/vestigecollection.com\/son-ermita-binidufa\/es\/#website\",\"url\":\"https:\/\/vestigecollection.com\/son-ermita-binidufa\/es\/\",\"name\":\"Son Ermit\u00e1 & Biniduf\u00e1\",\"description\":\"Vestige Collection\",\"potentialAction\":[{\"@type\":\"SearchAction\",\"target\":{\"@type\":\"EntryPoint\",\"urlTemplate\":\"https:\/\/vestigecollection.com\/son-ermita-binidufa\/es\/?s={search_term_string}\"},\"query-input\":{\"@type\":\"PropertyValueSpecification\",\"valueRequired\":true,\"valueName\":\"search_term_string\"}}],\"inLanguage\":\"es\"}]}<\/script>\n<!-- \/ Yoast SEO plugin. -->","yoast_head_json":{"title":"Habitaciones de lujo - Son Ermit\u00e0 y Biniduf\u00e0 - Vestige Collection","description":"Con una selecci\u00f3n de tan solo 11 habitaciones en cada hotel, Son Ermit\u00e0 y Biniduf\u00e0 son el reflejo de su encantador entorno. La elegancia se viste de tonos terrosos y en cada estancia abundan los detalles de lujo y la comodidad.","robots":{"index":"index","follow":"follow","max-snippet":"max-snippet:-1","max-image-preview":"max-image-preview:large","max-video-preview":"max-video-preview:-1"},"canonical":"https:\/\/vestigecollection.com\/son-ermita-binidufa\/es\/descanso\/","og_locale":"es_ES","og_type":"article","og_title":"Habitaciones de lujo - Son Ermit\u00e0 y Biniduf\u00e0 - Vestige Collection","og_description":"Con una selecci\u00f3n de tan solo 11 habitaciones en cada hotel, Son Ermit\u00e0 y Biniduf\u00e0 son el reflejo de su encantador entorno. La elegancia se viste de tonos terrosos y en cada estancia abundan los detalles de lujo y la comodidad.","og_url":"https:\/\/vestigecollection.com\/son-ermita-binidufa\/es\/descanso\/","og_site_name":"Son Ermit\u00e1 & Biniduf\u00e1","article_modified_time":"2026-01-26T12:32:53+00:00","og_image":[{"width":1024,"height":683,"url":"https:\/\/vestigecollection.com\/son-ermita-binidufa\/wp-content\/uploads\/sites\/6\/2025\/07\/SonErmitaMenorca_Deluxe-superior-11-1024x683.jpg","type":"image\/jpeg"}],"twitter_card":"summary_large_image","twitter_misc":{"Tiempo de lectura":"1 minuto"},"schema":{"@context":"https:\/\/schema.org","@graph":[{"@type":"WebPage","@id":"https:\/\/vestigecollection.com\/son-ermita-binidufa\/es\/descanso\/","url":"https:\/\/vestigecollection.com\/son-ermita-binidufa\/es\/descanso\/","name":"Habitaciones de lujo - Son Ermit\u00e0 y Biniduf\u00e0 - Vestige Collection","isPartOf":{"@id":"https:\/\/vestigecollection.com\/son-ermita-binidufa\/es\/#website"},"primaryImageOfPage":{"@id":"https:\/\/vestigecollection.com\/son-ermita-binidufa\/es\/descanso\/#primaryimage"},"image":{"@id":"https:\/\/vestigecollection.com\/son-ermita-binidufa\/es\/descanso\/#primaryimage"},"thumbnailUrl":"https:\/\/vestigecollection.com\/son-ermita-binidufa\/wp-content\/uploads\/sites\/6\/2025\/07\/SonErmitaMenorca_Deluxe-superior-11.jpg","datePublished":"2023-07-18T12:00:26+00:00","dateModified":"2026-01-26T12:32:53+00:00","description":"Con una selecci\u00f3n de tan solo 11 habitaciones en cada hotel, Son Ermit\u00e0 y Biniduf\u00e0 son el reflejo de su encantador entorno. La elegancia se viste de tonos terrosos y en cada estancia abundan los detalles de lujo y la comodidad.","breadcrumb":{"@id":"https:\/\/vestigecollection.com\/son-ermita-binidufa\/es\/descanso\/#breadcrumb"},"inLanguage":"es","potentialAction":[{"@type":"ReadAction","target":["https:\/\/vestigecollection.com\/son-ermita-binidufa\/es\/descanso\/"]}]},{"@type":"ImageObject","inLanguage":"es","@id":"https:\/\/vestigecollection.com\/son-ermita-binidufa\/es\/descanso\/#primaryimage","url":"https:\/\/vestigecollection.com\/son-ermita-binidufa\/wp-content\/uploads\/sites\/6\/2025\/07\/SonErmitaMenorca_Deluxe-superior-11.jpg","contentUrl":"https:\/\/vestigecollection.com\/son-ermita-binidufa\/wp-content\/uploads\/sites\/6\/2025\/07\/SonErmitaMenorca_Deluxe-superior-11.jpg","width":2500,"height":1667,"caption":"SonErmitaMenorca Deluxe superior"},{"@type":"BreadcrumbList","@id":"https:\/\/vestigecollection.com\/son-ermita-binidufa\/es\/descanso\/#breadcrumb","itemListElement":[{"@type":"ListItem","position":1,"name":"Home","item":"https:\/\/vestigecollection.com\/son-ermita-binidufa\/es\/"},{"@type":"ListItem","position":2,"name":"Descanso"}]},{"@type":"WebSite","@id":"https:\/\/vestigecollection.com\/son-ermita-binidufa\/es\/#website","url":"https:\/\/vestigecollection.com\/son-ermita-binidufa\/es\/","name":"Son Ermit\u00e1 & Biniduf\u00e1","description":"Vestige Collection","potentialAction":[{"@type":"SearchAction","target":{"@type":"EntryPoint","urlTemplate":"https:\/\/vestigecollection.com\/son-ermita-binidufa\/es\/?s={search_term_string}"},"query-input":{"@type":"PropertyValueSpecification","valueRequired":true,"valueName":"search_term_string"}}],"inLanguage":"es"}]}},"_links":{"self":[{"href":"https:\/\/vestigecollection.com\/son-ermita-binidufa\/es\/wp-json\/wp\/v2\/pages\/1065","targetHints":{"allow":["GET"]}}],"collection":[{"href":"https:\/\/vestigecollection.com\/son-ermita-binidufa\/es\/wp-json\/wp\/v2\/pages"}],"about":[{"href":"https:\/\/vestigecollection.com\/son-ermita-binidufa\/es\/wp-json\/wp\/v2\/types\/page"}],"author":[{"embeddable":true,"href":"https:\/\/vestigecollection.com\/son-ermita-binidufa\/es\/wp-json\/wp\/v2\/users\/13"}],"replies":[{"embeddable":true,"href":"https:\/\/vestigecollection.com\/son-ermita-binidufa\/es\/wp-json\/wp\/v2\/comments?post=1065"}],"version-history":[{"count":8,"href":"https:\/\/vestigecollection.com\/son-ermita-binidufa\/es\/wp-json\/wp\/v2\/pages\/1065\/revisions"}],"predecessor-version":[{"id":3937,"href":"https:\/\/vestigecollection.com\/son-ermita-binidufa\/es\/wp-json\/wp\/v2\/pages\/1065\/revisions\/3937"}],"wp:featuredmedia":[{"embeddable":true,"href":"https:\/\/vestigecollection.com\/son-ermita-binidufa\/es\/wp-json\/wp\/v2\/media\/3581"}],"wp:attachment":[{"href":"https:\/\/vestigecollection.com\/son-ermita-binidufa\/es\/wp-json\/wp\/v2\/media?parent=1065"}],"curies":[{"name":"wp","href":"https:\/\/api.w.org\/{rel}","templated":true}]}}