{"id":344,"date":"2023-07-26T10:55:09","date_gmt":"2023-07-26T10:55:09","guid":{"rendered":"http:\/\/vestigecollection.com\/palacio-de-figueras\/book\/"},"modified":"2025-05-22T07:30:15","modified_gmt":"2025-05-22T07:30:15","slug":"reserver","status":"publish","type":"page","link":"https:\/\/vestigecollection.com\/palacio-de-figueras\/fr\/reserver\/","title":{"rendered":"R\u00e9server"},"content":{"rendered":"","protected":false},"excerpt":{"rendered":"","protected":false},"author":13,"featured_media":0,"parent":0,"menu_order":0,"comment_status":"closed","ping_status":"closed","template":"","meta":{"_acf_changed":false,"footnotes":""},"class_list":["post-344","page","type-page","status-publish","hentry"],"acf":[],"yoast_head":"<!-- This site is optimized with the Yoast SEO plugin v27.2 - https:\/\/yoast.com\/product\/yoast-seo-wordpress\/ -->\n<title>R\u00e9servations - Palacio de Figueras - Vestige Collection<\/title>\n<meta name=\"description\" content=\"Faites votre r\u00e9servation au Palacio Figueras et c\u00e9l\u00e9brez votre \u00e9v\u00e9nement dans les Asturies, avec la meilleure attention personnalis\u00e9e.\" \/>\n<meta name=\"robots\" content=\"index, follow, max-snippet:-1, max-image-preview:large, max-video-preview:-1\" \/>\n<link rel=\"canonical\" href=\"https:\/\/vestigecollection.com\/palacio-de-figueras\/fr\/reserver\/\" \/>\n<meta property=\"og:locale\" content=\"fr_FR\" \/>\n<meta property=\"og:type\" content=\"article\" \/>\n<meta property=\"og:title\" content=\"R\u00e9servations - Palacio de Figueras - Vestige Collection\" \/>\n<meta property=\"og:description\" content=\"Faites votre r\u00e9servation au Palacio Figueras et c\u00e9l\u00e9brez votre \u00e9v\u00e9nement dans les Asturies, avec la meilleure attention personnalis\u00e9e.\" \/>\n<meta property=\"og:url\" content=\"https:\/\/vestigecollection.com\/palacio-de-figueras\/fr\/reserver\/\" \/>\n<meta property=\"og:site_name\" content=\"Palacio de Figueras\" \/>\n<meta property=\"article:modified_time\" content=\"2025-05-22T07:30:15+00:00\" \/>\n<meta name=\"twitter:card\" content=\"summary_large_image\" \/>\n<script type=\"application\/ld+json\" class=\"yoast-schema-graph\">{\"@context\":\"https:\/\/schema.org\",\"@graph\":[{\"@type\":\"WebPage\",\"@id\":\"https:\/\/vestigecollection.com\/palacio-de-figueras\/fr\/reserver\/\",\"url\":\"https:\/\/vestigecollection.com\/palacio-de-figueras\/fr\/reserver\/\",\"name\":\"R\u00e9servations - Palacio de Figueras - Vestige Collection\",\"isPartOf\":{\"@id\":\"https:\/\/vestigecollection.com\/palacio-de-figueras\/fr\/#website\"},\"datePublished\":\"2023-07-26T10:55:09+00:00\",\"dateModified\":\"2025-05-22T07:30:15+00:00\",\"description\":\"Faites votre r\u00e9servation au Palacio Figueras et c\u00e9l\u00e9brez votre \u00e9v\u00e9nement dans les Asturies, avec la meilleure attention personnalis\u00e9e.\",\"breadcrumb\":{\"@id\":\"https:\/\/vestigecollection.com\/palacio-de-figueras\/fr\/reserver\/#breadcrumb\"},\"inLanguage\":\"fr-FR\",\"potentialAction\":[{\"@type\":\"ReadAction\",\"target\":[\"https:\/\/vestigecollection.com\/palacio-de-figueras\/fr\/reserver\/\"]}]},{\"@type\":\"BreadcrumbList\",\"@id\":\"https:\/\/vestigecollection.com\/palacio-de-figueras\/fr\/reserver\/#breadcrumb\",\"itemListElement\":[{\"@type\":\"ListItem\",\"position\":1,\"name\":\"Home\",\"item\":\"https:\/\/vestigecollection.com\/palacio-de-figueras\/fr\/\"},{\"@type\":\"ListItem\",\"position\":2,\"name\":\"R\u00e9server\"}]},{\"@type\":\"WebSite\",\"@id\":\"https:\/\/vestigecollection.com\/palacio-de-figueras\/fr\/#website\",\"url\":\"https:\/\/vestigecollection.com\/palacio-de-figueras\/fr\/\",\"name\":\"Palacio de Figueras\",\"description\":\"\",\"potentialAction\":[{\"@type\":\"SearchAction\",\"target\":{\"@type\":\"EntryPoint\",\"urlTemplate\":\"https:\/\/vestigecollection.com\/palacio-de-figueras\/fr\/?s={search_term_string}\"},\"query-input\":{\"@type\":\"PropertyValueSpecification\",\"valueRequired\":true,\"valueName\":\"search_term_string\"}}],\"inLanguage\":\"fr-FR\"}]}<\/script>\n<!-- \/ Yoast SEO plugin. -->","yoast_head_json":{"title":"R\u00e9servations - Palacio de Figueras - Vestige Collection","description":"Faites votre r\u00e9servation au Palacio Figueras et c\u00e9l\u00e9brez votre \u00e9v\u00e9nement dans les Asturies, avec la meilleure attention personnalis\u00e9e.","robots":{"index":"index","follow":"follow","max-snippet":"max-snippet:-1","max-image-preview":"max-image-preview:large","max-video-preview":"max-video-preview:-1"},"canonical":"https:\/\/vestigecollection.com\/palacio-de-figueras\/fr\/reserver\/","og_locale":"fr_FR","og_type":"article","og_title":"R\u00e9servations - Palacio de Figueras - Vestige Collection","og_description":"Faites votre r\u00e9servation au Palacio Figueras et c\u00e9l\u00e9brez votre \u00e9v\u00e9nement dans les Asturies, avec la meilleure attention personnalis\u00e9e.","og_url":"https:\/\/vestigecollection.com\/palacio-de-figueras\/fr\/reserver\/","og_site_name":"Palacio de Figueras","article_modified_time":"2025-05-22T07:30:15+00:00","twitter_card":"summary_large_image","schema":{"@context":"https:\/\/schema.org","@graph":[{"@type":"WebPage","@id":"https:\/\/vestigecollection.com\/palacio-de-figueras\/fr\/reserver\/","url":"https:\/\/vestigecollection.com\/palacio-de-figueras\/fr\/reserver\/","name":"R\u00e9servations - Palacio de Figueras - Vestige Collection","isPartOf":{"@id":"https:\/\/vestigecollection.com\/palacio-de-figueras\/fr\/#website"},"datePublished":"2023-07-26T10:55:09+00:00","dateModified":"2025-05-22T07:30:15+00:00","description":"Faites votre r\u00e9servation au Palacio Figueras et c\u00e9l\u00e9brez votre \u00e9v\u00e9nement dans les Asturies, avec la meilleure attention personnalis\u00e9e.","breadcrumb":{"@id":"https:\/\/vestigecollection.com\/palacio-de-figueras\/fr\/reserver\/#breadcrumb"},"inLanguage":"fr-FR","potentialAction":[{"@type":"ReadAction","target":["https:\/\/vestigecollection.com\/palacio-de-figueras\/fr\/reserver\/"]}]},{"@type":"BreadcrumbList","@id":"https:\/\/vestigecollection.com\/palacio-de-figueras\/fr\/reserver\/#breadcrumb","itemListElement":[{"@type":"ListItem","position":1,"name":"Home","item":"https:\/\/vestigecollection.com\/palacio-de-figueras\/fr\/"},{"@type":"ListItem","position":2,"name":"R\u00e9server"}]},{"@type":"WebSite","@id":"https:\/\/vestigecollection.com\/palacio-de-figueras\/fr\/#website","url":"https:\/\/vestigecollection.com\/palacio-de-figueras\/fr\/","name":"Palacio de Figueras","description":"","potentialAction":[{"@type":"SearchAction","target":{"@type":"EntryPoint","urlTemplate":"https:\/\/vestigecollection.com\/palacio-de-figueras\/fr\/?s={search_term_string}"},"query-input":{"@type":"PropertyValueSpecification","valueRequired":true,"valueName":"search_term_string"}}],"inLanguage":"fr-FR"}]}},"_links":{"self":[{"href":"https:\/\/vestigecollection.com\/palacio-de-figueras\/fr\/wp-json\/wp\/v2\/pages\/344","targetHints":{"allow":["GET"]}}],"collection":[{"href":"https:\/\/vestigecollection.com\/palacio-de-figueras\/fr\/wp-json\/wp\/v2\/pages"}],"about":[{"href":"https:\/\/vestigecollection.com\/palacio-de-figueras\/fr\/wp-json\/wp\/v2\/types\/page"}],"author":[{"embeddable":true,"href":"https:\/\/vestigecollection.com\/palacio-de-figueras\/fr\/wp-json\/wp\/v2\/users\/13"}],"replies":[{"embeddable":true,"href":"https:\/\/vestigecollection.com\/palacio-de-figueras\/fr\/wp-json\/wp\/v2\/comments?post=344"}],"version-history":[{"count":4,"href":"https:\/\/vestigecollection.com\/palacio-de-figueras\/fr\/wp-json\/wp\/v2\/pages\/344\/revisions"}],"predecessor-version":[{"id":677,"href":"https:\/\/vestigecollection.com\/palacio-de-figueras\/fr\/wp-json\/wp\/v2\/pages\/344\/revisions\/677"}],"wp:attachment":[{"href":"https:\/\/vestigecollection.com\/palacio-de-figueras\/fr\/wp-json\/wp\/v2\/media?parent=344"}],"curies":[{"name":"wp","href":"https:\/\/api.w.org\/{rel}","templated":true}]}}