{"id":3204,"date":"2025-09-09T11:39:57","date_gmt":"2025-09-09T11:39:57","guid":{"rendered":"https:\/\/vestigecollection.com\/namibia-3\/"},"modified":"2025-11-28T07:14:37","modified_gmt":"2025-11-28T07:14:37","slug":"namibie","status":"publish","type":"page","link":"https:\/\/vestigecollection.com\/fr\/namibie\/","title":{"rendered":"Namibie"},"content":{"rendered":"","protected":false},"excerpt":{"rendered":"","protected":false},"author":18,"featured_media":3135,"parent":0,"menu_order":0,"comment_status":"closed","ping_status":"closed","template":"templates\/template-namibia.php","meta":{"_acf_changed":false,"footnotes":""},"class_list":["post-3204","page","type-page","status-publish","has-post-thumbnail","hentry"],"acf":[],"yoast_head":"<!-- This site is optimized with the Yoast SEO plugin v27.2 - https:\/\/yoast.com\/product\/yoast-seo-wordpress\/ -->\n<title>Nos lodges en Namibia - Vestige Collection<\/title>\n<meta name=\"description\" content=\"D\u00e9couvrez nos lodges de luxe en Namibie \u00e0 partir de l\u2019\u00e9t\u00e9 2026, refl\u00e9tant notre engagement ind\u00e9fectible en faveur de la qualit\u00e9, du design et du sens.\" \/>\n<meta name=\"robots\" content=\"index, follow, max-snippet:-1, max-image-preview:large, max-video-preview:-1\" \/>\n<link rel=\"canonical\" href=\"https:\/\/vestigecollection.com\/fr\/namibie\/\" \/>\n<meta property=\"og:locale\" content=\"fr_FR\" \/>\n<meta property=\"og:type\" content=\"article\" \/>\n<meta property=\"og:title\" content=\"Nos lodges en Namibia - Vestige Collection\" \/>\n<meta property=\"og:description\" content=\"D\u00e9couvrez nos lodges de luxe en Namibie \u00e0 partir de l\u2019\u00e9t\u00e9 2026, refl\u00e9tant notre engagement ind\u00e9fectible en faveur de la qualit\u00e9, du design et du sens.\" \/>\n<meta property=\"og:url\" content=\"https:\/\/vestigecollection.com\/fr\/namibie\/\" \/>\n<meta property=\"og:site_name\" content=\"Vestige Collection\" \/>\n<meta property=\"article:modified_time\" content=\"2025-11-28T07:14:37+00:00\" \/>\n<meta property=\"og:image\" content=\"http:\/\/vestigecollection.com\/wp-content\/uploads\/2025\/09\/lodges-namibia.webp\" \/>\n\t<meta property=\"og:image:width\" content=\"1900\" \/>\n\t<meta property=\"og:image:height\" content=\"1268\" \/>\n\t<meta property=\"og:image:type\" content=\"image\/webp\" \/>\n<meta name=\"twitter:card\" content=\"summary_large_image\" \/>\n<meta name=\"twitter:label1\" content=\"Dur\u00e9e de lecture estim\u00e9e\" \/>\n\t<meta name=\"twitter:data1\" content=\"1 minute\" \/>\n<script type=\"application\/ld+json\" class=\"yoast-schema-graph\">{\"@context\":\"https:\/\/schema.org\",\"@graph\":[{\"@type\":\"WebPage\",\"@id\":\"https:\/\/vestigecollection.com\/fr\/namibie\/\",\"url\":\"https:\/\/vestigecollection.com\/fr\/namibie\/\",\"name\":\"Nos lodges en Namibia - Vestige Collection\",\"isPartOf\":{\"@id\":\"https:\/\/vestigecollection.com\/fr\/#website\"},\"primaryImageOfPage\":{\"@id\":\"https:\/\/vestigecollection.com\/fr\/namibie\/#primaryimage\"},\"image\":{\"@id\":\"https:\/\/vestigecollection.com\/fr\/namibie\/#primaryimage\"},\"thumbnailUrl\":\"https:\/\/vestigecollection.com\/wp-content\/uploads\/2025\/09\/lodges-namibia.webp\",\"datePublished\":\"2025-09-09T11:39:57+00:00\",\"dateModified\":\"2025-11-28T07:14:37+00:00\",\"description\":\"D\u00e9couvrez nos lodges de luxe en Namibie \u00e0 partir de l\u2019\u00e9t\u00e9 2026, refl\u00e9tant notre engagement ind\u00e9fectible en faveur de la qualit\u00e9, du design et du sens.\",\"breadcrumb\":{\"@id\":\"https:\/\/vestigecollection.com\/fr\/namibie\/#breadcrumb\"},\"inLanguage\":\"fr-FR\",\"potentialAction\":[{\"@type\":\"ReadAction\",\"target\":[\"https:\/\/vestigecollection.com\/fr\/namibie\/\"]}]},{\"@type\":\"ImageObject\",\"inLanguage\":\"fr-FR\",\"@id\":\"https:\/\/vestigecollection.com\/fr\/namibie\/#primaryimage\",\"url\":\"https:\/\/vestigecollection.com\/wp-content\/uploads\/2025\/09\/lodges-namibia.webp\",\"contentUrl\":\"https:\/\/vestigecollection.com\/wp-content\/uploads\/2025\/09\/lodges-namibia.webp\",\"width\":1900,\"height\":1268,\"caption\":\"lodges namibia\"},{\"@type\":\"BreadcrumbList\",\"@id\":\"https:\/\/vestigecollection.com\/fr\/namibie\/#breadcrumb\",\"itemListElement\":[{\"@type\":\"ListItem\",\"position\":1,\"name\":\"Home\",\"item\":\"https:\/\/vestigecollection.com\/fr\/\"},{\"@type\":\"ListItem\",\"position\":2,\"name\":\"Namibie\"}]},{\"@type\":\"WebSite\",\"@id\":\"https:\/\/vestigecollection.com\/fr\/#website\",\"url\":\"https:\/\/vestigecollection.com\/fr\/\",\"name\":\"Vestige Collection\",\"description\":\"Hoteles y fincas privadas\",\"potentialAction\":[{\"@type\":\"SearchAction\",\"target\":{\"@type\":\"EntryPoint\",\"urlTemplate\":\"https:\/\/vestigecollection.com\/fr\/?s={search_term_string}\"},\"query-input\":{\"@type\":\"PropertyValueSpecification\",\"valueRequired\":true,\"valueName\":\"search_term_string\"}}],\"inLanguage\":\"fr-FR\"}]}<\/script>\n<!-- \/ Yoast SEO plugin. -->","yoast_head_json":{"title":"Nos lodges en Namibia - Vestige Collection","description":"D\u00e9couvrez nos lodges de luxe en Namibie \u00e0 partir de l\u2019\u00e9t\u00e9 2026, refl\u00e9tant notre engagement ind\u00e9fectible en faveur de la qualit\u00e9, du design et du sens.","robots":{"index":"index","follow":"follow","max-snippet":"max-snippet:-1","max-image-preview":"max-image-preview:large","max-video-preview":"max-video-preview:-1"},"canonical":"https:\/\/vestigecollection.com\/fr\/namibie\/","og_locale":"fr_FR","og_type":"article","og_title":"Nos lodges en Namibia - Vestige Collection","og_description":"D\u00e9couvrez nos lodges de luxe en Namibie \u00e0 partir de l\u2019\u00e9t\u00e9 2026, refl\u00e9tant notre engagement ind\u00e9fectible en faveur de la qualit\u00e9, du design et du sens.","og_url":"https:\/\/vestigecollection.com\/fr\/namibie\/","og_site_name":"Vestige Collection","article_modified_time":"2025-11-28T07:14:37+00:00","og_image":[{"width":1900,"height":1268,"url":"http:\/\/vestigecollection.com\/wp-content\/uploads\/2025\/09\/lodges-namibia.webp","type":"image\/webp"}],"twitter_card":"summary_large_image","twitter_misc":{"Dur\u00e9e de lecture estim\u00e9e":"1 minute"},"schema":{"@context":"https:\/\/schema.org","@graph":[{"@type":"WebPage","@id":"https:\/\/vestigecollection.com\/fr\/namibie\/","url":"https:\/\/vestigecollection.com\/fr\/namibie\/","name":"Nos lodges en Namibia - Vestige Collection","isPartOf":{"@id":"https:\/\/vestigecollection.com\/fr\/#website"},"primaryImageOfPage":{"@id":"https:\/\/vestigecollection.com\/fr\/namibie\/#primaryimage"},"image":{"@id":"https:\/\/vestigecollection.com\/fr\/namibie\/#primaryimage"},"thumbnailUrl":"https:\/\/vestigecollection.com\/wp-content\/uploads\/2025\/09\/lodges-namibia.webp","datePublished":"2025-09-09T11:39:57+00:00","dateModified":"2025-11-28T07:14:37+00:00","description":"D\u00e9couvrez nos lodges de luxe en Namibie \u00e0 partir de l\u2019\u00e9t\u00e9 2026, refl\u00e9tant notre engagement ind\u00e9fectible en faveur de la qualit\u00e9, du design et du sens.","breadcrumb":{"@id":"https:\/\/vestigecollection.com\/fr\/namibie\/#breadcrumb"},"inLanguage":"fr-FR","potentialAction":[{"@type":"ReadAction","target":["https:\/\/vestigecollection.com\/fr\/namibie\/"]}]},{"@type":"ImageObject","inLanguage":"fr-FR","@id":"https:\/\/vestigecollection.com\/fr\/namibie\/#primaryimage","url":"https:\/\/vestigecollection.com\/wp-content\/uploads\/2025\/09\/lodges-namibia.webp","contentUrl":"https:\/\/vestigecollection.com\/wp-content\/uploads\/2025\/09\/lodges-namibia.webp","width":1900,"height":1268,"caption":"lodges namibia"},{"@type":"BreadcrumbList","@id":"https:\/\/vestigecollection.com\/fr\/namibie\/#breadcrumb","itemListElement":[{"@type":"ListItem","position":1,"name":"Home","item":"https:\/\/vestigecollection.com\/fr\/"},{"@type":"ListItem","position":2,"name":"Namibie"}]},{"@type":"WebSite","@id":"https:\/\/vestigecollection.com\/fr\/#website","url":"https:\/\/vestigecollection.com\/fr\/","name":"Vestige Collection","description":"Hoteles y fincas privadas","potentialAction":[{"@type":"SearchAction","target":{"@type":"EntryPoint","urlTemplate":"https:\/\/vestigecollection.com\/fr\/?s={search_term_string}"},"query-input":{"@type":"PropertyValueSpecification","valueRequired":true,"valueName":"search_term_string"}}],"inLanguage":"fr-FR"}]}},"_links":{"self":[{"href":"https:\/\/vestigecollection.com\/fr\/wp-json\/wp\/v2\/pages\/3204","targetHints":{"allow":["GET"]}}],"collection":[{"href":"https:\/\/vestigecollection.com\/fr\/wp-json\/wp\/v2\/pages"}],"about":[{"href":"https:\/\/vestigecollection.com\/fr\/wp-json\/wp\/v2\/types\/page"}],"author":[{"embeddable":true,"href":"https:\/\/vestigecollection.com\/fr\/wp-json\/wp\/v2\/users\/18"}],"replies":[{"embeddable":true,"href":"https:\/\/vestigecollection.com\/fr\/wp-json\/wp\/v2\/comments?post=3204"}],"version-history":[{"count":7,"href":"https:\/\/vestigecollection.com\/fr\/wp-json\/wp\/v2\/pages\/3204\/revisions"}],"predecessor-version":[{"id":3706,"href":"https:\/\/vestigecollection.com\/fr\/wp-json\/wp\/v2\/pages\/3204\/revisions\/3706"}],"wp:featuredmedia":[{"embeddable":true,"href":"https:\/\/vestigecollection.com\/fr\/wp-json\/wp\/v2\/media\/3135"}],"wp:attachment":[{"href":"https:\/\/vestigecollection.com\/fr\/wp-json\/wp\/v2\/media?parent=3204"}],"curies":[{"name":"wp","href":"https:\/\/api.w.org\/{rel}","templated":true}]}}