{"id":3201,"date":"2025-09-09T12:07:13","date_gmt":"2025-09-09T12:07:13","guid":{"rendered":"https:\/\/vestigecollection.com\/sorris-sorris\/"},"modified":"2025-11-28T07:24:00","modified_gmt":"2025-11-28T07:24:00","slug":"sorris-sorris","status":"publish","type":"page","link":"https:\/\/vestigecollection.com\/fr\/namibie\/sorris-sorris\/","title":{"rendered":"Sorris Sorris"},"content":{"rendered":"","protected":false},"excerpt":{"rendered":"","protected":false},"author":18,"featured_media":3164,"parent":3204,"menu_order":0,"comment_status":"closed","ping_status":"closed","template":"templates\/template-namibia.php","meta":{"_acf_changed":false,"footnotes":""},"class_list":["post-3201","page","type-page","status-publish","has-post-thumbnail","hentry"],"acf":[],"yoast_head":"<!-- This site is optimized with the Yoast SEO plugin v27.2 - https:\/\/yoast.com\/product\/yoast-seo-wordpress\/ -->\n<title>Sorris Sorris - Vestige Collection<\/title>\n<meta name=\"description\" content=\"D\u00e9couvrez notre lodge Sorris Sorris \u00e0 partir de l\u2019\u00e9t\u00e9 2026, situ\u00e9 sur les berges de la rivi\u00e8re Ugab, dans la spectaculaire r\u00e9gion du Damaraland.\" \/>\n<meta name=\"robots\" content=\"index, follow, max-snippet:-1, max-image-preview:large, max-video-preview:-1\" \/>\n<link rel=\"canonical\" href=\"https:\/\/vestigecollection.com\/fr\/namibie\/sorris-sorris\/\" \/>\n<meta property=\"og:locale\" content=\"fr_FR\" \/>\n<meta property=\"og:type\" content=\"article\" \/>\n<meta property=\"og:title\" content=\"Sorris Sorris - Vestige Collection\" \/>\n<meta property=\"og:description\" content=\"D\u00e9couvrez notre lodge Sorris Sorris \u00e0 partir de l\u2019\u00e9t\u00e9 2026, situ\u00e9 sur les berges de la rivi\u00e8re Ugab, dans la spectaculaire r\u00e9gion du Damaraland.\" \/>\n<meta property=\"og:url\" content=\"https:\/\/vestigecollection.com\/fr\/namibie\/sorris-sorris\/\" \/>\n<meta property=\"og:site_name\" content=\"Vestige Collection\" \/>\n<meta property=\"article:modified_time\" content=\"2025-11-28T07:24:00+00:00\" \/>\n<meta property=\"og:image\" content=\"http:\/\/vestigecollection.com\/wp-content\/uploads\/2025\/09\/sorris-sorris-desert-lodge-namibia-scaled-1.webp\" \/>\n\t<meta property=\"og:image:width\" content=\"2560\" \/>\n\t<meta property=\"og:image:height\" content=\"1440\" \/>\n\t<meta property=\"og:image:type\" content=\"image\/webp\" \/>\n<meta name=\"twitter:card\" content=\"summary_large_image\" \/>\n<meta name=\"twitter:label1\" content=\"Dur\u00e9e de lecture estim\u00e9e\" \/>\n\t<meta name=\"twitter:data1\" content=\"1 minute\" \/>\n<script type=\"application\/ld+json\" class=\"yoast-schema-graph\">{\"@context\":\"https:\/\/schema.org\",\"@graph\":[{\"@type\":\"WebPage\",\"@id\":\"https:\/\/vestigecollection.com\/fr\/namibie\/sorris-sorris\/\",\"url\":\"https:\/\/vestigecollection.com\/fr\/namibie\/sorris-sorris\/\",\"name\":\"Sorris Sorris - Vestige Collection\",\"isPartOf\":{\"@id\":\"https:\/\/vestigecollection.com\/fr\/#website\"},\"primaryImageOfPage\":{\"@id\":\"https:\/\/vestigecollection.com\/fr\/namibie\/sorris-sorris\/#primaryimage\"},\"image\":{\"@id\":\"https:\/\/vestigecollection.com\/fr\/namibie\/sorris-sorris\/#primaryimage\"},\"thumbnailUrl\":\"https:\/\/vestigecollection.com\/wp-content\/uploads\/2025\/09\/sorris-sorris-desert-lodge-namibia-scaled-1.webp\",\"datePublished\":\"2025-09-09T12:07:13+00:00\",\"dateModified\":\"2025-11-28T07:24:00+00:00\",\"description\":\"D\u00e9couvrez notre lodge Sorris Sorris \u00e0 partir de l\u2019\u00e9t\u00e9 2026, situ\u00e9 sur les berges de la rivi\u00e8re Ugab, dans la spectaculaire r\u00e9gion du Damaraland.\",\"breadcrumb\":{\"@id\":\"https:\/\/vestigecollection.com\/fr\/namibie\/sorris-sorris\/#breadcrumb\"},\"inLanguage\":\"fr-FR\",\"potentialAction\":[{\"@type\":\"ReadAction\",\"target\":[\"https:\/\/vestigecollection.com\/fr\/namibie\/sorris-sorris\/\"]}]},{\"@type\":\"ImageObject\",\"inLanguage\":\"fr-FR\",\"@id\":\"https:\/\/vestigecollection.com\/fr\/namibie\/sorris-sorris\/#primaryimage\",\"url\":\"https:\/\/vestigecollection.com\/wp-content\/uploads\/2025\/09\/sorris-sorris-desert-lodge-namibia-scaled-1.webp\",\"contentUrl\":\"https:\/\/vestigecollection.com\/wp-content\/uploads\/2025\/09\/sorris-sorris-desert-lodge-namibia-scaled-1.webp\",\"width\":2560,\"height\":1440,\"caption\":\"sorris sorris desert lodge namibia scaled\"},{\"@type\":\"BreadcrumbList\",\"@id\":\"https:\/\/vestigecollection.com\/fr\/namibie\/sorris-sorris\/#breadcrumb\",\"itemListElement\":[{\"@type\":\"ListItem\",\"position\":1,\"name\":\"Home\",\"item\":\"https:\/\/vestigecollection.com\/fr\/\"},{\"@type\":\"ListItem\",\"position\":2,\"name\":\"Namibie\",\"item\":\"https:\/\/vestigecollection.com\/fr\/namibie\/\"},{\"@type\":\"ListItem\",\"position\":3,\"name\":\"Sorris Sorris\"}]},{\"@type\":\"WebSite\",\"@id\":\"https:\/\/vestigecollection.com\/fr\/#website\",\"url\":\"https:\/\/vestigecollection.com\/fr\/\",\"name\":\"Vestige Collection\",\"description\":\"Hoteles y fincas privadas\",\"potentialAction\":[{\"@type\":\"SearchAction\",\"target\":{\"@type\":\"EntryPoint\",\"urlTemplate\":\"https:\/\/vestigecollection.com\/fr\/?s={search_term_string}\"},\"query-input\":{\"@type\":\"PropertyValueSpecification\",\"valueRequired\":true,\"valueName\":\"search_term_string\"}}],\"inLanguage\":\"fr-FR\"}]}<\/script>\n<!-- \/ Yoast SEO plugin. -->","yoast_head_json":{"title":"Sorris Sorris - Vestige Collection","description":"D\u00e9couvrez notre lodge Sorris Sorris \u00e0 partir de l\u2019\u00e9t\u00e9 2026, situ\u00e9 sur les berges de la rivi\u00e8re Ugab, dans la spectaculaire r\u00e9gion du Damaraland.","robots":{"index":"index","follow":"follow","max-snippet":"max-snippet:-1","max-image-preview":"max-image-preview:large","max-video-preview":"max-video-preview:-1"},"canonical":"https:\/\/vestigecollection.com\/fr\/namibie\/sorris-sorris\/","og_locale":"fr_FR","og_type":"article","og_title":"Sorris Sorris - Vestige Collection","og_description":"D\u00e9couvrez notre lodge Sorris Sorris \u00e0 partir de l\u2019\u00e9t\u00e9 2026, situ\u00e9 sur les berges de la rivi\u00e8re Ugab, dans la spectaculaire r\u00e9gion du Damaraland.","og_url":"https:\/\/vestigecollection.com\/fr\/namibie\/sorris-sorris\/","og_site_name":"Vestige Collection","article_modified_time":"2025-11-28T07:24:00+00:00","og_image":[{"width":2560,"height":1440,"url":"http:\/\/vestigecollection.com\/wp-content\/uploads\/2025\/09\/sorris-sorris-desert-lodge-namibia-scaled-1.webp","type":"image\/webp"}],"twitter_card":"summary_large_image","twitter_misc":{"Dur\u00e9e de lecture estim\u00e9e":"1 minute"},"schema":{"@context":"https:\/\/schema.org","@graph":[{"@type":"WebPage","@id":"https:\/\/vestigecollection.com\/fr\/namibie\/sorris-sorris\/","url":"https:\/\/vestigecollection.com\/fr\/namibie\/sorris-sorris\/","name":"Sorris Sorris - Vestige Collection","isPartOf":{"@id":"https:\/\/vestigecollection.com\/fr\/#website"},"primaryImageOfPage":{"@id":"https:\/\/vestigecollection.com\/fr\/namibie\/sorris-sorris\/#primaryimage"},"image":{"@id":"https:\/\/vestigecollection.com\/fr\/namibie\/sorris-sorris\/#primaryimage"},"thumbnailUrl":"https:\/\/vestigecollection.com\/wp-content\/uploads\/2025\/09\/sorris-sorris-desert-lodge-namibia-scaled-1.webp","datePublished":"2025-09-09T12:07:13+00:00","dateModified":"2025-11-28T07:24:00+00:00","description":"D\u00e9couvrez notre lodge Sorris Sorris \u00e0 partir de l\u2019\u00e9t\u00e9 2026, situ\u00e9 sur les berges de la rivi\u00e8re Ugab, dans la spectaculaire r\u00e9gion du Damaraland.","breadcrumb":{"@id":"https:\/\/vestigecollection.com\/fr\/namibie\/sorris-sorris\/#breadcrumb"},"inLanguage":"fr-FR","potentialAction":[{"@type":"ReadAction","target":["https:\/\/vestigecollection.com\/fr\/namibie\/sorris-sorris\/"]}]},{"@type":"ImageObject","inLanguage":"fr-FR","@id":"https:\/\/vestigecollection.com\/fr\/namibie\/sorris-sorris\/#primaryimage","url":"https:\/\/vestigecollection.com\/wp-content\/uploads\/2025\/09\/sorris-sorris-desert-lodge-namibia-scaled-1.webp","contentUrl":"https:\/\/vestigecollection.com\/wp-content\/uploads\/2025\/09\/sorris-sorris-desert-lodge-namibia-scaled-1.webp","width":2560,"height":1440,"caption":"sorris sorris desert lodge namibia scaled"},{"@type":"BreadcrumbList","@id":"https:\/\/vestigecollection.com\/fr\/namibie\/sorris-sorris\/#breadcrumb","itemListElement":[{"@type":"ListItem","position":1,"name":"Home","item":"https:\/\/vestigecollection.com\/fr\/"},{"@type":"ListItem","position":2,"name":"Namibie","item":"https:\/\/vestigecollection.com\/fr\/namibie\/"},{"@type":"ListItem","position":3,"name":"Sorris Sorris"}]},{"@type":"WebSite","@id":"https:\/\/vestigecollection.com\/fr\/#website","url":"https:\/\/vestigecollection.com\/fr\/","name":"Vestige Collection","description":"Hoteles y fincas privadas","potentialAction":[{"@type":"SearchAction","target":{"@type":"EntryPoint","urlTemplate":"https:\/\/vestigecollection.com\/fr\/?s={search_term_string}"},"query-input":{"@type":"PropertyValueSpecification","valueRequired":true,"valueName":"search_term_string"}}],"inLanguage":"fr-FR"}]}},"_links":{"self":[{"href":"https:\/\/vestigecollection.com\/fr\/wp-json\/wp\/v2\/pages\/3201","targetHints":{"allow":["GET"]}}],"collection":[{"href":"https:\/\/vestigecollection.com\/fr\/wp-json\/wp\/v2\/pages"}],"about":[{"href":"https:\/\/vestigecollection.com\/fr\/wp-json\/wp\/v2\/types\/page"}],"author":[{"embeddable":true,"href":"https:\/\/vestigecollection.com\/fr\/wp-json\/wp\/v2\/users\/18"}],"replies":[{"embeddable":true,"href":"https:\/\/vestigecollection.com\/fr\/wp-json\/wp\/v2\/comments?post=3201"}],"version-history":[{"count":6,"href":"https:\/\/vestigecollection.com\/fr\/wp-json\/wp\/v2\/pages\/3201\/revisions"}],"predecessor-version":[{"id":3709,"href":"https:\/\/vestigecollection.com\/fr\/wp-json\/wp\/v2\/pages\/3201\/revisions\/3709"}],"up":[{"embeddable":true,"href":"https:\/\/vestigecollection.com\/fr\/wp-json\/wp\/v2\/pages\/3204"}],"wp:featuredmedia":[{"embeddable":true,"href":"https:\/\/vestigecollection.com\/fr\/wp-json\/wp\/v2\/media\/3164"}],"wp:attachment":[{"href":"https:\/\/vestigecollection.com\/fr\/wp-json\/wp\/v2\/media?parent=3201"}],"curies":[{"name":"wp","href":"https:\/\/api.w.org\/{rel}","templated":true}]}}