{"id":1268,"date":"2023-07-05T09:38:27","date_gmt":"2023-07-05T09:38:27","guid":{"rendered":"http:\/\/vestigecollection.com\/collection\/"},"modified":"2026-03-23T12:57:45","modified_gmt":"2026-03-23T12:57:45","slug":"collection","status":"publish","type":"page","link":"https:\/\/vestigecollection.com\/fr\/collection\/","title":{"rendered":"Collection"},"content":{"rendered":"","protected":false},"excerpt":{"rendered":"","protected":false},"author":13,"featured_media":0,"parent":0,"menu_order":0,"comment_status":"closed","ping_status":"closed","template":"templates\/template-collection.php","meta":{"_acf_changed":false,"footnotes":""},"class_list":["post-1268","page","type-page","status-publish","hentry"],"acf":[],"yoast_head":"<!-- This site is optimized with the Yoast SEO plugin v27.2 - https:\/\/yoast.com\/product\/yoast-seo-wordpress\/ -->\n<title>Collection - Vestige Collection<\/title>\n<meta name=\"description\" content=\"D\u00e9couvrez la meilleure s\u00e9lection d&#039;h\u00f4tels de charme en Espagne et de villas priv\u00e9es pour des \u00e9v\u00e9nements avec Vestige Collection.\" \/>\n<meta name=\"robots\" content=\"index, follow, max-snippet:-1, max-image-preview:large, max-video-preview:-1\" \/>\n<link rel=\"canonical\" href=\"https:\/\/vestigecollection.com\/fr\/collection\/\" \/>\n<meta property=\"og:locale\" content=\"fr_FR\" \/>\n<meta property=\"og:type\" content=\"article\" \/>\n<meta property=\"og:title\" content=\"Collection - Vestige Collection\" \/>\n<meta property=\"og:description\" content=\"D\u00e9couvrez la meilleure s\u00e9lection d&#039;h\u00f4tels de charme en Espagne et de villas priv\u00e9es pour des \u00e9v\u00e9nements avec Vestige Collection.\" \/>\n<meta property=\"og:url\" content=\"https:\/\/vestigecollection.com\/fr\/collection\/\" \/>\n<meta property=\"og:site_name\" content=\"Vestige Collection\" \/>\n<meta property=\"article:modified_time\" content=\"2026-03-23T12:57:45+00:00\" \/>\n<meta name=\"twitter:card\" content=\"summary_large_image\" \/>\n<script type=\"application\/ld+json\" class=\"yoast-schema-graph\">{\"@context\":\"https:\/\/schema.org\",\"@graph\":[{\"@type\":\"WebPage\",\"@id\":\"https:\/\/vestigecollection.com\/fr\/collection\/\",\"url\":\"https:\/\/vestigecollection.com\/fr\/collection\/\",\"name\":\"Collection - Vestige Collection\",\"isPartOf\":{\"@id\":\"https:\/\/vestigecollection.com\/fr\/#website\"},\"datePublished\":\"2023-07-05T09:38:27+00:00\",\"dateModified\":\"2026-03-23T12:57:45+00:00\",\"description\":\"D\u00e9couvrez la meilleure s\u00e9lection d'h\u00f4tels de charme en Espagne et de villas priv\u00e9es pour des \u00e9v\u00e9nements avec Vestige Collection.\",\"breadcrumb\":{\"@id\":\"https:\/\/vestigecollection.com\/fr\/collection\/#breadcrumb\"},\"inLanguage\":\"fr-FR\",\"potentialAction\":[{\"@type\":\"ReadAction\",\"target\":[\"https:\/\/vestigecollection.com\/fr\/collection\/\"]}]},{\"@type\":\"BreadcrumbList\",\"@id\":\"https:\/\/vestigecollection.com\/fr\/collection\/#breadcrumb\",\"itemListElement\":[{\"@type\":\"ListItem\",\"position\":1,\"name\":\"Home\",\"item\":\"https:\/\/vestigecollection.com\/fr\/\"},{\"@type\":\"ListItem\",\"position\":2,\"name\":\"Collection\"}]},{\"@type\":\"WebSite\",\"@id\":\"https:\/\/vestigecollection.com\/fr\/#website\",\"url\":\"https:\/\/vestigecollection.com\/fr\/\",\"name\":\"Vestige Collection\",\"description\":\"Hoteles y fincas privadas\",\"potentialAction\":[{\"@type\":\"SearchAction\",\"target\":{\"@type\":\"EntryPoint\",\"urlTemplate\":\"https:\/\/vestigecollection.com\/fr\/?s={search_term_string}\"},\"query-input\":{\"@type\":\"PropertyValueSpecification\",\"valueRequired\":true,\"valueName\":\"search_term_string\"}}],\"inLanguage\":\"fr-FR\"}]}<\/script>\n<!-- \/ Yoast SEO plugin. -->","yoast_head_json":{"title":"Collection - Vestige Collection","description":"D\u00e9couvrez la meilleure s\u00e9lection d'h\u00f4tels de charme en Espagne et de villas priv\u00e9es pour des \u00e9v\u00e9nements avec Vestige Collection.","robots":{"index":"index","follow":"follow","max-snippet":"max-snippet:-1","max-image-preview":"max-image-preview:large","max-video-preview":"max-video-preview:-1"},"canonical":"https:\/\/vestigecollection.com\/fr\/collection\/","og_locale":"fr_FR","og_type":"article","og_title":"Collection - Vestige Collection","og_description":"D\u00e9couvrez la meilleure s\u00e9lection d'h\u00f4tels de charme en Espagne et de villas priv\u00e9es pour des \u00e9v\u00e9nements avec Vestige Collection.","og_url":"https:\/\/vestigecollection.com\/fr\/collection\/","og_site_name":"Vestige Collection","article_modified_time":"2026-03-23T12:57:45+00:00","twitter_card":"summary_large_image","schema":{"@context":"https:\/\/schema.org","@graph":[{"@type":"WebPage","@id":"https:\/\/vestigecollection.com\/fr\/collection\/","url":"https:\/\/vestigecollection.com\/fr\/collection\/","name":"Collection - Vestige Collection","isPartOf":{"@id":"https:\/\/vestigecollection.com\/fr\/#website"},"datePublished":"2023-07-05T09:38:27+00:00","dateModified":"2026-03-23T12:57:45+00:00","description":"D\u00e9couvrez la meilleure s\u00e9lection d'h\u00f4tels de charme en Espagne et de villas priv\u00e9es pour des \u00e9v\u00e9nements avec Vestige Collection.","breadcrumb":{"@id":"https:\/\/vestigecollection.com\/fr\/collection\/#breadcrumb"},"inLanguage":"fr-FR","potentialAction":[{"@type":"ReadAction","target":["https:\/\/vestigecollection.com\/fr\/collection\/"]}]},{"@type":"BreadcrumbList","@id":"https:\/\/vestigecollection.com\/fr\/collection\/#breadcrumb","itemListElement":[{"@type":"ListItem","position":1,"name":"Home","item":"https:\/\/vestigecollection.com\/fr\/"},{"@type":"ListItem","position":2,"name":"Collection"}]},{"@type":"WebSite","@id":"https:\/\/vestigecollection.com\/fr\/#website","url":"https:\/\/vestigecollection.com\/fr\/","name":"Vestige Collection","description":"Hoteles y fincas privadas","potentialAction":[{"@type":"SearchAction","target":{"@type":"EntryPoint","urlTemplate":"https:\/\/vestigecollection.com\/fr\/?s={search_term_string}"},"query-input":{"@type":"PropertyValueSpecification","valueRequired":true,"valueName":"search_term_string"}}],"inLanguage":"fr-FR"}]}},"_links":{"self":[{"href":"https:\/\/vestigecollection.com\/fr\/wp-json\/wp\/v2\/pages\/1268","targetHints":{"allow":["GET"]}}],"collection":[{"href":"https:\/\/vestigecollection.com\/fr\/wp-json\/wp\/v2\/pages"}],"about":[{"href":"https:\/\/vestigecollection.com\/fr\/wp-json\/wp\/v2\/types\/page"}],"author":[{"embeddable":true,"href":"https:\/\/vestigecollection.com\/fr\/wp-json\/wp\/v2\/users\/13"}],"replies":[{"embeddable":true,"href":"https:\/\/vestigecollection.com\/fr\/wp-json\/wp\/v2\/comments?post=1268"}],"version-history":[{"count":8,"href":"https:\/\/vestigecollection.com\/fr\/wp-json\/wp\/v2\/pages\/1268\/revisions"}],"predecessor-version":[{"id":4162,"href":"https:\/\/vestigecollection.com\/fr\/wp-json\/wp\/v2\/pages\/1268\/revisions\/4162"}],"wp:attachment":[{"href":"https:\/\/vestigecollection.com\/fr\/wp-json\/wp\/v2\/media?parent=1268"}],"curies":[{"name":"wp","href":"https:\/\/api.w.org\/{rel}","templated":true}]}}