{"id":1239,"date":"2023-07-05T09:35:28","date_gmt":"2023-07-05T09:35:28","guid":{"rendered":"http:\/\/vestigecollection.com\/terms-and-conditions\/"},"modified":"2025-09-23T09:42:17","modified_gmt":"2025-09-23T09:42:17","slug":"conditions-generales","status":"publish","type":"page","link":"https:\/\/vestigecollection.com\/fr\/conditions-generales\/","title":{"rendered":"Conditions g\u00e9n\u00e9rales"},"content":{"rendered":"","protected":false},"excerpt":{"rendered":"","protected":false},"author":13,"featured_media":0,"parent":0,"menu_order":0,"comment_status":"closed","ping_status":"closed","template":"","meta":{"_acf_changed":false,"footnotes":""},"class_list":["post-1239","page","type-page","status-publish","hentry"],"acf":[],"yoast_head":"<!-- This site is optimized with the Yoast SEO plugin v27.2 - https:\/\/yoast.com\/product\/yoast-seo-wordpress\/ -->\n<title>Conditions g\u00e9n\u00e9rales - Vestige Collection<\/title>\n<meta name=\"description\" content=\"Les conditions g\u00e9n\u00e9rales sont les textes l\u00e9gaux qui r\u00e9gissent l&#039;acc\u00e8s et l&#039;utilisation du site Web en bonne et due forme.\" \/>\n<meta name=\"robots\" content=\"index, follow, max-snippet:-1, max-image-preview:large, max-video-preview:-1\" \/>\n<link rel=\"canonical\" href=\"https:\/\/vestigecollection.com\/fr\/conditions-generales\/\" \/>\n<meta property=\"og:locale\" content=\"fr_FR\" \/>\n<meta property=\"og:type\" content=\"article\" \/>\n<meta property=\"og:title\" content=\"Conditions g\u00e9n\u00e9rales - Vestige Collection\" \/>\n<meta property=\"og:description\" content=\"Les conditions g\u00e9n\u00e9rales sont les textes l\u00e9gaux qui r\u00e9gissent l&#039;acc\u00e8s et l&#039;utilisation du site Web en bonne et due forme.\" \/>\n<meta property=\"og:url\" content=\"https:\/\/vestigecollection.com\/fr\/conditions-generales\/\" \/>\n<meta property=\"og:site_name\" content=\"Vestige Collection\" \/>\n<meta property=\"article:modified_time\" content=\"2025-09-23T09:42:17+00:00\" \/>\n<meta name=\"twitter:card\" content=\"summary_large_image\" \/>\n<script type=\"application\/ld+json\" class=\"yoast-schema-graph\">{\"@context\":\"https:\/\/schema.org\",\"@graph\":[{\"@type\":\"WebPage\",\"@id\":\"https:\/\/vestigecollection.com\/fr\/conditions-generales\/\",\"url\":\"https:\/\/vestigecollection.com\/fr\/conditions-generales\/\",\"name\":\"Conditions g\u00e9n\u00e9rales - Vestige Collection\",\"isPartOf\":{\"@id\":\"https:\/\/vestigecollection.com\/fr\/#website\"},\"datePublished\":\"2023-07-05T09:35:28+00:00\",\"dateModified\":\"2025-09-23T09:42:17+00:00\",\"description\":\"Les conditions g\u00e9n\u00e9rales sont les textes l\u00e9gaux qui r\u00e9gissent l'acc\u00e8s et l'utilisation du site Web en bonne et due forme.\",\"breadcrumb\":{\"@id\":\"https:\/\/vestigecollection.com\/fr\/conditions-generales\/#breadcrumb\"},\"inLanguage\":\"fr-FR\",\"potentialAction\":[{\"@type\":\"ReadAction\",\"target\":[\"https:\/\/vestigecollection.com\/fr\/conditions-generales\/\"]}]},{\"@type\":\"BreadcrumbList\",\"@id\":\"https:\/\/vestigecollection.com\/fr\/conditions-generales\/#breadcrumb\",\"itemListElement\":[{\"@type\":\"ListItem\",\"position\":1,\"name\":\"Home\",\"item\":\"https:\/\/vestigecollection.com\/fr\/\"},{\"@type\":\"ListItem\",\"position\":2,\"name\":\"Conditions g\u00e9n\u00e9rales\"}]},{\"@type\":\"WebSite\",\"@id\":\"https:\/\/vestigecollection.com\/fr\/#website\",\"url\":\"https:\/\/vestigecollection.com\/fr\/\",\"name\":\"Vestige Collection\",\"description\":\"Hoteles y fincas privadas\",\"potentialAction\":[{\"@type\":\"SearchAction\",\"target\":{\"@type\":\"EntryPoint\",\"urlTemplate\":\"https:\/\/vestigecollection.com\/fr\/?s={search_term_string}\"},\"query-input\":{\"@type\":\"PropertyValueSpecification\",\"valueRequired\":true,\"valueName\":\"search_term_string\"}}],\"inLanguage\":\"fr-FR\"}]}<\/script>\n<!-- \/ Yoast SEO plugin. -->","yoast_head_json":{"title":"Conditions g\u00e9n\u00e9rales - Vestige Collection","description":"Les conditions g\u00e9n\u00e9rales sont les textes l\u00e9gaux qui r\u00e9gissent l'acc\u00e8s et l'utilisation du site Web en bonne et due forme.","robots":{"index":"index","follow":"follow","max-snippet":"max-snippet:-1","max-image-preview":"max-image-preview:large","max-video-preview":"max-video-preview:-1"},"canonical":"https:\/\/vestigecollection.com\/fr\/conditions-generales\/","og_locale":"fr_FR","og_type":"article","og_title":"Conditions g\u00e9n\u00e9rales - Vestige Collection","og_description":"Les conditions g\u00e9n\u00e9rales sont les textes l\u00e9gaux qui r\u00e9gissent l'acc\u00e8s et l'utilisation du site Web en bonne et due forme.","og_url":"https:\/\/vestigecollection.com\/fr\/conditions-generales\/","og_site_name":"Vestige Collection","article_modified_time":"2025-09-23T09:42:17+00:00","twitter_card":"summary_large_image","schema":{"@context":"https:\/\/schema.org","@graph":[{"@type":"WebPage","@id":"https:\/\/vestigecollection.com\/fr\/conditions-generales\/","url":"https:\/\/vestigecollection.com\/fr\/conditions-generales\/","name":"Conditions g\u00e9n\u00e9rales - Vestige Collection","isPartOf":{"@id":"https:\/\/vestigecollection.com\/fr\/#website"},"datePublished":"2023-07-05T09:35:28+00:00","dateModified":"2025-09-23T09:42:17+00:00","description":"Les conditions g\u00e9n\u00e9rales sont les textes l\u00e9gaux qui r\u00e9gissent l'acc\u00e8s et l'utilisation du site Web en bonne et due forme.","breadcrumb":{"@id":"https:\/\/vestigecollection.com\/fr\/conditions-generales\/#breadcrumb"},"inLanguage":"fr-FR","potentialAction":[{"@type":"ReadAction","target":["https:\/\/vestigecollection.com\/fr\/conditions-generales\/"]}]},{"@type":"BreadcrumbList","@id":"https:\/\/vestigecollection.com\/fr\/conditions-generales\/#breadcrumb","itemListElement":[{"@type":"ListItem","position":1,"name":"Home","item":"https:\/\/vestigecollection.com\/fr\/"},{"@type":"ListItem","position":2,"name":"Conditions g\u00e9n\u00e9rales"}]},{"@type":"WebSite","@id":"https:\/\/vestigecollection.com\/fr\/#website","url":"https:\/\/vestigecollection.com\/fr\/","name":"Vestige Collection","description":"Hoteles y fincas privadas","potentialAction":[{"@type":"SearchAction","target":{"@type":"EntryPoint","urlTemplate":"https:\/\/vestigecollection.com\/fr\/?s={search_term_string}"},"query-input":{"@type":"PropertyValueSpecification","valueRequired":true,"valueName":"search_term_string"}}],"inLanguage":"fr-FR"}]}},"_links":{"self":[{"href":"https:\/\/vestigecollection.com\/fr\/wp-json\/wp\/v2\/pages\/1239","targetHints":{"allow":["GET"]}}],"collection":[{"href":"https:\/\/vestigecollection.com\/fr\/wp-json\/wp\/v2\/pages"}],"about":[{"href":"https:\/\/vestigecollection.com\/fr\/wp-json\/wp\/v2\/types\/page"}],"author":[{"embeddable":true,"href":"https:\/\/vestigecollection.com\/fr\/wp-json\/wp\/v2\/users\/13"}],"replies":[{"embeddable":true,"href":"https:\/\/vestigecollection.com\/fr\/wp-json\/wp\/v2\/comments?post=1239"}],"version-history":[{"count":8,"href":"https:\/\/vestigecollection.com\/fr\/wp-json\/wp\/v2\/pages\/1239\/revisions"}],"predecessor-version":[{"id":3463,"href":"https:\/\/vestigecollection.com\/fr\/wp-json\/wp\/v2\/pages\/1239\/revisions\/3463"}],"wp:attachment":[{"href":"https:\/\/vestigecollection.com\/fr\/wp-json\/wp\/v2\/media?parent=1239"}],"curies":[{"name":"wp","href":"https:\/\/api.w.org\/{rel}","templated":true}]}}