{"id":987,"date":"2023-07-05T09:22:44","date_gmt":"2023-07-05T09:22:44","guid":{"rendered":"http:\/\/vestigecollection.com\/architecture-and-restoration\/"},"modified":"2025-05-15T11:15:04","modified_gmt":"2025-05-15T11:15:04","slug":"arquitectura-y-restauracion","status":"publish","type":"page","link":"https:\/\/vestigecollection.com\/es\/arquitectura-y-restauracion\/","title":{"rendered":"Arquitectura y restauraci\u00f3n"},"content":{"rendered":"","protected":false},"excerpt":{"rendered":"","protected":false},"author":13,"featured_media":0,"parent":0,"menu_order":0,"comment_status":"closed","ping_status":"closed","template":"","meta":{"_acf_changed":false,"footnotes":""},"class_list":["post-987","page","type-page","status-publish","hentry"],"acf":[],"yoast_head":"<!-- This site is optimized with the Yoast SEO plugin v27.2 - https:\/\/yoast.com\/product\/yoast-seo-wordpress\/ -->\n<title>Hoteles de dise\u00f1o y villas de lujo - Vestige Collection<\/title>\n<meta name=\"description\" content=\"Vestige Collection restaura edificios hist\u00f3ricos y convirti\u00e9ndolos en boutiques de lujo y villas privadas en entornos inigualables.\" \/>\n<meta name=\"robots\" content=\"index, follow, max-snippet:-1, max-image-preview:large, max-video-preview:-1\" \/>\n<link rel=\"canonical\" href=\"https:\/\/vestigecollection.com\/es\/arquitectura-y-restauracion\/\" \/>\n<meta property=\"og:locale\" content=\"es_ES\" \/>\n<meta property=\"og:type\" content=\"article\" \/>\n<meta property=\"og:title\" content=\"Hoteles de dise\u00f1o y villas de lujo - Vestige Collection\" \/>\n<meta property=\"og:description\" content=\"Vestige Collection restaura edificios hist\u00f3ricos y convirti\u00e9ndolos en boutiques de lujo y villas privadas en entornos inigualables.\" \/>\n<meta property=\"og:url\" content=\"https:\/\/vestigecollection.com\/es\/arquitectura-y-restauracion\/\" \/>\n<meta property=\"og:site_name\" content=\"Vestige Collection\" \/>\n<meta property=\"article:modified_time\" content=\"2025-05-15T11:15:04+00:00\" \/>\n<meta name=\"twitter:card\" content=\"summary_large_image\" \/>\n<script type=\"application\/ld+json\" class=\"yoast-schema-graph\">{\"@context\":\"https:\/\/schema.org\",\"@graph\":[{\"@type\":\"WebPage\",\"@id\":\"https:\/\/vestigecollection.com\/es\/arquitectura-y-restauracion\/\",\"url\":\"https:\/\/vestigecollection.com\/es\/arquitectura-y-restauracion\/\",\"name\":\"Hoteles de dise\u00f1o y villas de lujo - Vestige Collection\",\"isPartOf\":{\"@id\":\"https:\/\/vestigecollection.com\/es\/#website\"},\"datePublished\":\"2023-07-05T09:22:44+00:00\",\"dateModified\":\"2025-05-15T11:15:04+00:00\",\"description\":\"Vestige Collection restaura edificios hist\u00f3ricos y convirti\u00e9ndolos en boutiques de lujo y villas privadas en entornos inigualables.\",\"breadcrumb\":{\"@id\":\"https:\/\/vestigecollection.com\/es\/arquitectura-y-restauracion\/#breadcrumb\"},\"inLanguage\":\"es\",\"potentialAction\":[{\"@type\":\"ReadAction\",\"target\":[\"https:\/\/vestigecollection.com\/es\/arquitectura-y-restauracion\/\"]}]},{\"@type\":\"BreadcrumbList\",\"@id\":\"https:\/\/vestigecollection.com\/es\/arquitectura-y-restauracion\/#breadcrumb\",\"itemListElement\":[{\"@type\":\"ListItem\",\"position\":1,\"name\":\"Home\",\"item\":\"https:\/\/vestigecollection.com\/es\/\"},{\"@type\":\"ListItem\",\"position\":2,\"name\":\"Arquitectura y restauraci\u00f3n\"}]},{\"@type\":\"WebSite\",\"@id\":\"https:\/\/vestigecollection.com\/es\/#website\",\"url\":\"https:\/\/vestigecollection.com\/es\/\",\"name\":\"Vestige Collection\",\"description\":\"Hoteles y fincas privadas\",\"potentialAction\":[{\"@type\":\"SearchAction\",\"target\":{\"@type\":\"EntryPoint\",\"urlTemplate\":\"https:\/\/vestigecollection.com\/es\/?s={search_term_string}\"},\"query-input\":{\"@type\":\"PropertyValueSpecification\",\"valueRequired\":true,\"valueName\":\"search_term_string\"}}],\"inLanguage\":\"es\"}]}<\/script>\n<!-- \/ Yoast SEO plugin. -->","yoast_head_json":{"title":"Hoteles de dise\u00f1o y villas de lujo - Vestige Collection","description":"Vestige Collection restaura edificios hist\u00f3ricos y convirti\u00e9ndolos en boutiques de lujo y villas privadas en entornos inigualables.","robots":{"index":"index","follow":"follow","max-snippet":"max-snippet:-1","max-image-preview":"max-image-preview:large","max-video-preview":"max-video-preview:-1"},"canonical":"https:\/\/vestigecollection.com\/es\/arquitectura-y-restauracion\/","og_locale":"es_ES","og_type":"article","og_title":"Hoteles de dise\u00f1o y villas de lujo - Vestige Collection","og_description":"Vestige Collection restaura edificios hist\u00f3ricos y convirti\u00e9ndolos en boutiques de lujo y villas privadas en entornos inigualables.","og_url":"https:\/\/vestigecollection.com\/es\/arquitectura-y-restauracion\/","og_site_name":"Vestige Collection","article_modified_time":"2025-05-15T11:15:04+00:00","twitter_card":"summary_large_image","schema":{"@context":"https:\/\/schema.org","@graph":[{"@type":"WebPage","@id":"https:\/\/vestigecollection.com\/es\/arquitectura-y-restauracion\/","url":"https:\/\/vestigecollection.com\/es\/arquitectura-y-restauracion\/","name":"Hoteles de dise\u00f1o y villas de lujo - Vestige Collection","isPartOf":{"@id":"https:\/\/vestigecollection.com\/es\/#website"},"datePublished":"2023-07-05T09:22:44+00:00","dateModified":"2025-05-15T11:15:04+00:00","description":"Vestige Collection restaura edificios hist\u00f3ricos y convirti\u00e9ndolos en boutiques de lujo y villas privadas en entornos inigualables.","breadcrumb":{"@id":"https:\/\/vestigecollection.com\/es\/arquitectura-y-restauracion\/#breadcrumb"},"inLanguage":"es","potentialAction":[{"@type":"ReadAction","target":["https:\/\/vestigecollection.com\/es\/arquitectura-y-restauracion\/"]}]},{"@type":"BreadcrumbList","@id":"https:\/\/vestigecollection.com\/es\/arquitectura-y-restauracion\/#breadcrumb","itemListElement":[{"@type":"ListItem","position":1,"name":"Home","item":"https:\/\/vestigecollection.com\/es\/"},{"@type":"ListItem","position":2,"name":"Arquitectura y restauraci\u00f3n"}]},{"@type":"WebSite","@id":"https:\/\/vestigecollection.com\/es\/#website","url":"https:\/\/vestigecollection.com\/es\/","name":"Vestige Collection","description":"Hoteles y fincas privadas","potentialAction":[{"@type":"SearchAction","target":{"@type":"EntryPoint","urlTemplate":"https:\/\/vestigecollection.com\/es\/?s={search_term_string}"},"query-input":{"@type":"PropertyValueSpecification","valueRequired":true,"valueName":"search_term_string"}}],"inLanguage":"es"}]}},"_links":{"self":[{"href":"https:\/\/vestigecollection.com\/es\/wp-json\/wp\/v2\/pages\/987","targetHints":{"allow":["GET"]}}],"collection":[{"href":"https:\/\/vestigecollection.com\/es\/wp-json\/wp\/v2\/pages"}],"about":[{"href":"https:\/\/vestigecollection.com\/es\/wp-json\/wp\/v2\/types\/page"}],"author":[{"embeddable":true,"href":"https:\/\/vestigecollection.com\/es\/wp-json\/wp\/v2\/users\/13"}],"replies":[{"embeddable":true,"href":"https:\/\/vestigecollection.com\/es\/wp-json\/wp\/v2\/comments?post=987"}],"version-history":[{"count":9,"href":"https:\/\/vestigecollection.com\/es\/wp-json\/wp\/v2\/pages\/987\/revisions"}],"predecessor-version":[{"id":2703,"href":"https:\/\/vestigecollection.com\/es\/wp-json\/wp\/v2\/pages\/987\/revisions\/2703"}],"wp:attachment":[{"href":"https:\/\/vestigecollection.com\/es\/wp-json\/wp\/v2\/media?parent=987"}],"curies":[{"name":"wp","href":"https:\/\/api.w.org\/{rel}","templated":true}]}}