{"id":957,"date":"2023-07-06T14:12:53","date_gmt":"2023-07-06T14:12:53","guid":{"rendered":"http:\/\/vestigecollection.com\/privacy-policy\/"},"modified":"2026-02-23T14:26:03","modified_gmt":"2026-02-23T14:26:03","slug":"politica-privacidad","status":"publish","type":"page","link":"https:\/\/vestigecollection.com\/es\/politica-privacidad\/","title":{"rendered":"Pol\u00edtica de privacidad"},"content":{"rendered":"","protected":false},"excerpt":{"rendered":"","protected":false},"author":13,"featured_media":0,"parent":0,"menu_order":0,"comment_status":"closed","ping_status":"closed","template":"","meta":{"_acf_changed":false,"footnotes":""},"class_list":["post-957","page","type-page","status-publish","hentry"],"acf":[],"yoast_head":"<!-- This site is optimized with the Yoast SEO plugin v27.2 - https:\/\/yoast.com\/product\/yoast-seo-wordpress\/ -->\n<title>Pol\u00edtica de privacidad - Vestige Collection<\/title>\n<meta name=\"description\" content=\"Lea nuestra pol\u00edtica de privacidad para saber m\u00e1s sobre nuestros t\u00e9rminos y condiciones en el sitio web de Vestige Collection.\" \/>\n<meta name=\"robots\" content=\"index, follow, max-snippet:-1, max-image-preview:large, max-video-preview:-1\" \/>\n<link rel=\"canonical\" href=\"https:\/\/vestigecollection.com\/es\/politica-privacidad\/\" \/>\n<meta property=\"og:locale\" content=\"es_ES\" \/>\n<meta property=\"og:type\" content=\"article\" \/>\n<meta property=\"og:title\" content=\"Pol\u00edtica de privacidad - Vestige Collection\" \/>\n<meta property=\"og:description\" content=\"Lea nuestra pol\u00edtica de privacidad para saber m\u00e1s sobre nuestros t\u00e9rminos y condiciones en el sitio web de Vestige Collection.\" \/>\n<meta property=\"og:url\" content=\"https:\/\/vestigecollection.com\/es\/politica-privacidad\/\" \/>\n<meta property=\"og:site_name\" content=\"Vestige Collection\" \/>\n<meta property=\"article:modified_time\" content=\"2026-02-23T14:26:03+00:00\" \/>\n<meta name=\"twitter:card\" content=\"summary_large_image\" \/>\n<script type=\"application\/ld+json\" class=\"yoast-schema-graph\">{\"@context\":\"https:\/\/schema.org\",\"@graph\":[{\"@type\":\"WebPage\",\"@id\":\"https:\/\/vestigecollection.com\/es\/politica-privacidad\/\",\"url\":\"https:\/\/vestigecollection.com\/es\/politica-privacidad\/\",\"name\":\"Pol\u00edtica de privacidad - Vestige Collection\",\"isPartOf\":{\"@id\":\"https:\/\/vestigecollection.com\/es\/#website\"},\"datePublished\":\"2023-07-06T14:12:53+00:00\",\"dateModified\":\"2026-02-23T14:26:03+00:00\",\"description\":\"Lea nuestra pol\u00edtica de privacidad para saber m\u00e1s sobre nuestros t\u00e9rminos y condiciones en el sitio web de Vestige Collection.\",\"breadcrumb\":{\"@id\":\"https:\/\/vestigecollection.com\/es\/politica-privacidad\/#breadcrumb\"},\"inLanguage\":\"es\",\"potentialAction\":[{\"@type\":\"ReadAction\",\"target\":[\"https:\/\/vestigecollection.com\/es\/politica-privacidad\/\"]}]},{\"@type\":\"BreadcrumbList\",\"@id\":\"https:\/\/vestigecollection.com\/es\/politica-privacidad\/#breadcrumb\",\"itemListElement\":[{\"@type\":\"ListItem\",\"position\":1,\"name\":\"Home\",\"item\":\"https:\/\/vestigecollection.com\/es\/\"},{\"@type\":\"ListItem\",\"position\":2,\"name\":\"Pol\u00edtica de privacidad\"}]},{\"@type\":\"WebSite\",\"@id\":\"https:\/\/vestigecollection.com\/es\/#website\",\"url\":\"https:\/\/vestigecollection.com\/es\/\",\"name\":\"Vestige Collection\",\"description\":\"Hoteles y fincas privadas\",\"potentialAction\":[{\"@type\":\"SearchAction\",\"target\":{\"@type\":\"EntryPoint\",\"urlTemplate\":\"https:\/\/vestigecollection.com\/es\/?s={search_term_string}\"},\"query-input\":{\"@type\":\"PropertyValueSpecification\",\"valueRequired\":true,\"valueName\":\"search_term_string\"}}],\"inLanguage\":\"es\"}]}<\/script>\n<!-- \/ Yoast SEO plugin. -->","yoast_head_json":{"title":"Pol\u00edtica de privacidad - Vestige Collection","description":"Lea nuestra pol\u00edtica de privacidad para saber m\u00e1s sobre nuestros t\u00e9rminos y condiciones en el sitio web de Vestige Collection.","robots":{"index":"index","follow":"follow","max-snippet":"max-snippet:-1","max-image-preview":"max-image-preview:large","max-video-preview":"max-video-preview:-1"},"canonical":"https:\/\/vestigecollection.com\/es\/politica-privacidad\/","og_locale":"es_ES","og_type":"article","og_title":"Pol\u00edtica de privacidad - Vestige Collection","og_description":"Lea nuestra pol\u00edtica de privacidad para saber m\u00e1s sobre nuestros t\u00e9rminos y condiciones en el sitio web de Vestige Collection.","og_url":"https:\/\/vestigecollection.com\/es\/politica-privacidad\/","og_site_name":"Vestige Collection","article_modified_time":"2026-02-23T14:26:03+00:00","twitter_card":"summary_large_image","schema":{"@context":"https:\/\/schema.org","@graph":[{"@type":"WebPage","@id":"https:\/\/vestigecollection.com\/es\/politica-privacidad\/","url":"https:\/\/vestigecollection.com\/es\/politica-privacidad\/","name":"Pol\u00edtica de privacidad - Vestige Collection","isPartOf":{"@id":"https:\/\/vestigecollection.com\/es\/#website"},"datePublished":"2023-07-06T14:12:53+00:00","dateModified":"2026-02-23T14:26:03+00:00","description":"Lea nuestra pol\u00edtica de privacidad para saber m\u00e1s sobre nuestros t\u00e9rminos y condiciones en el sitio web de Vestige Collection.","breadcrumb":{"@id":"https:\/\/vestigecollection.com\/es\/politica-privacidad\/#breadcrumb"},"inLanguage":"es","potentialAction":[{"@type":"ReadAction","target":["https:\/\/vestigecollection.com\/es\/politica-privacidad\/"]}]},{"@type":"BreadcrumbList","@id":"https:\/\/vestigecollection.com\/es\/politica-privacidad\/#breadcrumb","itemListElement":[{"@type":"ListItem","position":1,"name":"Home","item":"https:\/\/vestigecollection.com\/es\/"},{"@type":"ListItem","position":2,"name":"Pol\u00edtica de privacidad"}]},{"@type":"WebSite","@id":"https:\/\/vestigecollection.com\/es\/#website","url":"https:\/\/vestigecollection.com\/es\/","name":"Vestige Collection","description":"Hoteles y fincas privadas","potentialAction":[{"@type":"SearchAction","target":{"@type":"EntryPoint","urlTemplate":"https:\/\/vestigecollection.com\/es\/?s={search_term_string}"},"query-input":{"@type":"PropertyValueSpecification","valueRequired":true,"valueName":"search_term_string"}}],"inLanguage":"es"}]}},"_links":{"self":[{"href":"https:\/\/vestigecollection.com\/es\/wp-json\/wp\/v2\/pages\/957","targetHints":{"allow":["GET"]}}],"collection":[{"href":"https:\/\/vestigecollection.com\/es\/wp-json\/wp\/v2\/pages"}],"about":[{"href":"https:\/\/vestigecollection.com\/es\/wp-json\/wp\/v2\/types\/page"}],"author":[{"embeddable":true,"href":"https:\/\/vestigecollection.com\/es\/wp-json\/wp\/v2\/users\/13"}],"replies":[{"embeddable":true,"href":"https:\/\/vestigecollection.com\/es\/wp-json\/wp\/v2\/comments?post=957"}],"version-history":[{"count":8,"href":"https:\/\/vestigecollection.com\/es\/wp-json\/wp\/v2\/pages\/957\/revisions"}],"predecessor-version":[{"id":4076,"href":"https:\/\/vestigecollection.com\/es\/wp-json\/wp\/v2\/pages\/957\/revisions\/4076"}],"wp:attachment":[{"href":"https:\/\/vestigecollection.com\/es\/wp-json\/wp\/v2\/media?parent=957"}],"curies":[{"name":"wp","href":"https:\/\/api.w.org\/{rel}","templated":true}]}}